{"id":700,"date":"2020-01-23T23:50:48","date_gmt":"2020-01-23T23:50:48","guid":{"rendered":"http:\/\/handles.com.tr\/?post_type=product&#038;p=700"},"modified":"2022-12-13T03:37:59","modified_gmt":"2022-12-13T03:37:59","slug":"empire-aynali-kapi-kolu","status":"publish","type":"product","link":"http:\/\/handles.com.tr\/en\/product\/empire-aynali-kapi-kolu\/","title":{"rendered":"Empire Aynal\u0131  Kap\u0131 Kolu"},"content":{"rendered":"","protected":false},"excerpt":{"rendered":"","protected":false},"featured_media":3724,"comment_status":"open","ping_status":"closed","template":"","meta":{"_joinchat":[]},"product_cat":[243,241],"product_tag":[],"yoast_head":"<!-- This site is optimized with the Yoast SEO Premium plugin v19.6 (Yoast SEO v19.12) - https:\/\/yoast.com\/wordpress\/plugins\/seo\/ -->\n<title>Empire Aynal\u0131 Kap\u0131 Kolu - Handles<\/title>\n<meta name=\"robots\" content=\"index, follow, max-snippet:-1, max-image-preview:large, max-video-preview:-1\" \/>\n<link rel=\"canonical\" href=\"http:\/\/handles.com.tr\/en\/product\/empire-aynali-kapi-kolu\/\" \/>\n<meta property=\"og:locale\" content=\"en_US\" \/>\n<meta property=\"og:type\" content=\"article\" \/>\n<meta property=\"og:title\" content=\"Empire Aynal\u0131 Kap\u0131 Kolu\" \/>\n<meta property=\"og:url\" content=\"http:\/\/handles.com.tr\/en\/product\/empire-aynali-kapi-kolu\/\" \/>\n<meta property=\"og:site_name\" content=\"Handles\" \/>\n<meta property=\"article:modified_time\" content=\"2022-12-13T03:37:59+00:00\" \/>\n<meta property=\"og:image\" content=\"http:\/\/handles.com.tr\/wp-content\/uploads\/2022\/09\/EMPIRE-ANA-GORSEL.png\" \/>\n\t<meta property=\"og:image:width\" content=\"800\" \/>\n\t<meta property=\"og:image:height\" content=\"1500\" \/>\n\t<meta property=\"og:image:type\" content=\"image\/png\" \/>\n<meta name=\"twitter:card\" content=\"summary_large_image\" \/>\n<script type=\"application\/ld+json\" class=\"yoast-schema-graph\">{\"@context\":\"https:\/\/schema.org\",\"@graph\":[{\"@type\":\"WebPage\",\"@id\":\"http:\/\/handles.com.tr\/urun\/empire-aynali-kapi-kolu\/\",\"url\":\"http:\/\/handles.com.tr\/urun\/empire-aynali-kapi-kolu\/\",\"name\":\"Empire Aynal\u0131 Kap\u0131 Kolu - Handles\",\"isPartOf\":{\"@id\":\"https:\/\/handles.com.tr\/en\/#website\"},\"datePublished\":\"2020-01-23T23:50:48+00:00\",\"dateModified\":\"2022-12-13T03:37:59+00:00\",\"breadcrumb\":{\"@id\":\"http:\/\/handles.com.tr\/urun\/empire-aynali-kapi-kolu\/#breadcrumb\"},\"inLanguage\":\"en-US\",\"potentialAction\":[{\"@type\":\"ReadAction\",\"target\":[\"http:\/\/handles.com.tr\/urun\/empire-aynali-kapi-kolu\/\"]}]},{\"@type\":\"BreadcrumbList\",\"@id\":\"http:\/\/handles.com.tr\/urun\/empire-aynali-kapi-kolu\/#breadcrumb\",\"itemListElement\":[{\"@type\":\"ListItem\",\"position\":1,\"name\":\"Anasayfa\",\"item\":\"https:\/\/handles.com.tr\/en\/\"},{\"@type\":\"ListItem\",\"position\":2,\"name\":\"\u00dcr\u00fcnler\",\"item\":\"http:\/\/handles.com.tr\/shop\/\"},{\"@type\":\"ListItem\",\"position\":3,\"name\":\"Empire Aynal\u0131 Kap\u0131 Kolu\"}]},{\"@type\":\"WebSite\",\"@id\":\"https:\/\/handles.com.tr\/en\/#website\",\"url\":\"https:\/\/handles.com.tr\/en\/\",\"name\":\"Handles\",\"description\":\"Kap\u0131 Kollar\u0131 ve Aksesuarlar\u0131\",\"potentialAction\":[{\"@type\":\"SearchAction\",\"target\":{\"@type\":\"EntryPoint\",\"urlTemplate\":\"https:\/\/handles.com.tr\/en\/?s={search_term_string}\"},\"query-input\":\"required name=search_term_string\"}],\"inLanguage\":\"en-US\"}]}<\/script>\n<!-- \/ Yoast SEO Premium plugin. -->","yoast_head_json":{"title":"Empire Aynal\u0131 Kap\u0131 Kolu - Handles","robots":{"index":"index","follow":"follow","max-snippet":"max-snippet:-1","max-image-preview":"max-image-preview:large","max-video-preview":"max-video-preview:-1"},"canonical":"http:\/\/handles.com.tr\/en\/product\/empire-aynali-kapi-kolu\/","og_locale":"en_US","og_type":"article","og_title":"Empire Aynal\u0131 Kap\u0131 Kolu","og_url":"http:\/\/handles.com.tr\/en\/product\/empire-aynali-kapi-kolu\/","og_site_name":"Handles","article_modified_time":"2022-12-13T03:37:59+00:00","og_image":[{"width":800,"height":1500,"url":"http:\/\/handles.com.tr\/wp-content\/uploads\/2022\/09\/EMPIRE-ANA-GORSEL.png","type":"image\/png"}],"twitter_card":"summary_large_image","schema":{"@context":"https:\/\/schema.org","@graph":[{"@type":"WebPage","@id":"http:\/\/handles.com.tr\/urun\/empire-aynali-kapi-kolu\/","url":"http:\/\/handles.com.tr\/urun\/empire-aynali-kapi-kolu\/","name":"Empire Aynal\u0131 Kap\u0131 Kolu - Handles","isPartOf":{"@id":"https:\/\/handles.com.tr\/en\/#website"},"datePublished":"2020-01-23T23:50:48+00:00","dateModified":"2022-12-13T03:37:59+00:00","breadcrumb":{"@id":"http:\/\/handles.com.tr\/urun\/empire-aynali-kapi-kolu\/#breadcrumb"},"inLanguage":"en-US","potentialAction":[{"@type":"ReadAction","target":["http:\/\/handles.com.tr\/urun\/empire-aynali-kapi-kolu\/"]}]},{"@type":"BreadcrumbList","@id":"http:\/\/handles.com.tr\/urun\/empire-aynali-kapi-kolu\/#breadcrumb","itemListElement":[{"@type":"ListItem","position":1,"name":"Anasayfa","item":"https:\/\/handles.com.tr\/en\/"},{"@type":"ListItem","position":2,"name":"\u00dcr\u00fcnler","item":"http:\/\/handles.com.tr\/shop\/"},{"@type":"ListItem","position":3,"name":"Empire Aynal\u0131 Kap\u0131 Kolu"}]},{"@type":"WebSite","@id":"https:\/\/handles.com.tr\/en\/#website","url":"https:\/\/handles.com.tr\/en\/","name":"Handles","description":"Kap\u0131 Kollar\u0131 ve Aksesuarlar\u0131","potentialAction":[{"@type":"SearchAction","target":{"@type":"EntryPoint","urlTemplate":"https:\/\/handles.com.tr\/en\/?s={search_term_string}"},"query-input":"required name=search_term_string"}],"inLanguage":"en-US"}]}},"_links":{"self":[{"href":"http:\/\/handles.com.tr\/en\/wp-json\/wp\/v2\/product\/700"}],"collection":[{"href":"http:\/\/handles.com.tr\/en\/wp-json\/wp\/v2\/product"}],"about":[{"href":"http:\/\/handles.com.tr\/en\/wp-json\/wp\/v2\/types\/product"}],"replies":[{"embeddable":true,"href":"http:\/\/handles.com.tr\/en\/wp-json\/wp\/v2\/comments?post=700"}],"version-history":[{"count":0,"href":"http:\/\/handles.com.tr\/en\/wp-json\/wp\/v2\/product\/700\/revisions"}],"wp:featuredmedia":[{"embeddable":true,"href":"http:\/\/handles.com.tr\/en\/wp-json\/wp\/v2\/media\/3724"}],"wp:attachment":[{"href":"http:\/\/handles.com.tr\/en\/wp-json\/wp\/v2\/media?parent=700"}],"wp:term":[{"taxonomy":"product_cat","embeddable":true,"href":"http:\/\/handles.com.tr\/en\/wp-json\/wp\/v2\/product_cat?post=700"},{"taxonomy":"product_tag","embeddable":true,"href":"http:\/\/handles.com.tr\/en\/wp-json\/wp\/v2\/product_tag?post=700"}],"curies":[{"name":"wp","href":"https:\/\/api.w.org\/{rel}","templated":true}]}}