{"id":3700,"date":"2022-09-05T21:14:00","date_gmt":"2022-09-05T21:14:00","guid":{"rendered":"http:\/\/handles.com.tr\/?post_type=product&#038;p=3700"},"modified":"2022-12-13T03:39:07","modified_gmt":"2022-12-13T03:39:07","slug":"tugra-aynali-kapi-kolu","status":"publish","type":"product","link":"http:\/\/handles.com.tr\/en\/product\/tugra-aynali-kapi-kolu\/","title":{"rendered":"Tu\u011fra Aynal\u0131 Kap\u0131 Kolu"},"content":{"rendered":"<p>Lorem ipsum dolor sit amet, consectetur adipiscing elit. Praesent et ultricies nunc. In et mattis arcu. Nullam pulvinar magna eu sem hendrerit, tempor ullamcorper justo fringilla. Ut ac pharetra tellus. Quisque quis nibh nisl. Mauris congue purus sed eleifend facilisis. Vivamus tempor euismod mattis. Nunc laoreet vehicula lacus quis tristique. Etiam fringilla ipsum eget lectus convallis posuere. Suspendisse potenti. Morbi a dictum odio, eu tempus velit. Duis hendrerit, nunc id tempor vehicula, mauris tellus tincidunt mauris, eu congue elit nibh eget lacus. Aliquam volutpat, massa et porttitor aliquam, nibh diam ultrices nisl, et condimentum lectus lorem ac dolor.<\/p>","protected":false},"excerpt":{"rendered":"<p>Lorem ipsum dolor sit amet, consectetur adipiscing elit. Praesent et ultricies nunc. In et mattis arcu. Nullam pulvinar magna eu sem hendrerit, tempor ullamcorper justo fringilla. Ut ac pharetra tellus. Quisque quis nibh nisl. Mauris congue purus sed eleifend facilisis. Vivamus tempor euismod mattis. Nunc laoreet vehicula lacus quis tristique. Etiam fringilla ipsum eget lectus convallis posuere. Suspendisse potenti. Morbi a dictum odio, eu tempus velit. Duis hendrerit, nunc id tempor vehicula, mauris tellus tincidunt mauris, eu congue elit nibh eget lacus. Aliquam volutpat, massa et porttitor aliquam, nibh diam ultrices nisl, et condimentum lectus lorem ac dolor.<\/p>","protected":false},"featured_media":3725,"comment_status":"open","ping_status":"closed","template":"","meta":{"_joinchat":[]},"product_cat":[239,242,235,238,236,237],"product_tag":[],"yoast_head":"<!-- This site is optimized with the Yoast SEO Premium plugin v19.6 (Yoast SEO v19.12) - https:\/\/yoast.com\/wordpress\/plugins\/seo\/ -->\n<title>Tu\u011fra Aynal\u0131 Kap\u0131 Kolu - Handles<\/title>\n<meta name=\"robots\" content=\"index, follow, max-snippet:-1, max-image-preview:large, max-video-preview:-1\" \/>\n<link rel=\"canonical\" href=\"http:\/\/handles.com.tr\/en\/product\/tugra-aynali-kapi-kolu\/\" \/>\n<meta property=\"og:locale\" content=\"en_US\" \/>\n<meta property=\"og:type\" content=\"article\" \/>\n<meta property=\"og:title\" content=\"Tu\u011fra Aynal\u0131 Kap\u0131 Kolu\" \/>\n<meta property=\"og:description\" content=\"Lorem ipsum dolor sit amet, consectetur adipiscing elit. Praesent et ultricies nunc. In et mattis arcu. Nullam pulvinar magna eu sem hendrerit, tempor ullamcorper justo fringilla. Ut ac pharetra tellus. Quisque quis nibh nisl. Mauris congue purus sed eleifend facilisis. Vivamus tempor euismod mattis. Nunc laoreet vehicula lacus quis tristique. Etiam fringilla ipsum eget lectus convallis posuere. Suspendisse potenti. Morbi a dictum odio, eu tempus velit. Duis hendrerit, nunc id tempor vehicula, mauris tellus tincidunt mauris, eu congue elit nibh eget lacus. Aliquam volutpat, massa et porttitor aliquam, nibh diam ultrices nisl, et condimentum lectus lorem ac dolor.\" \/>\n<meta property=\"og:url\" content=\"http:\/\/handles.com.tr\/en\/product\/tugra-aynali-kapi-kolu\/\" \/>\n<meta property=\"og:site_name\" content=\"Handles\" \/>\n<meta property=\"article:modified_time\" content=\"2022-12-13T03:39:07+00:00\" \/>\n<meta property=\"og:image\" content=\"http:\/\/handles.com.tr\/wp-content\/uploads\/2022\/09\/TUGRA-ANAGORSEL.png\" \/>\n\t<meta property=\"og:image:width\" content=\"800\" \/>\n\t<meta property=\"og:image:height\" content=\"1500\" \/>\n\t<meta property=\"og:image:type\" content=\"image\/png\" \/>\n<meta name=\"twitter:card\" content=\"summary_large_image\" \/>\n<script type=\"application\/ld+json\" class=\"yoast-schema-graph\">{\"@context\":\"https:\/\/schema.org\",\"@graph\":[{\"@type\":\"WebPage\",\"@id\":\"http:\/\/handles.com.tr\/en\/product\/tugra-aynali-kapi-kolu\/\",\"url\":\"http:\/\/handles.com.tr\/en\/product\/tugra-aynali-kapi-kolu\/\",\"name\":\"Tu\u011fra Aynal\u0131 Kap\u0131 Kolu - Handles\",\"isPartOf\":{\"@id\":\"https:\/\/handles.com.tr\/en\/#website\"},\"datePublished\":\"2022-09-05T21:14:00+00:00\",\"dateModified\":\"2022-12-13T03:39:07+00:00\",\"breadcrumb\":{\"@id\":\"http:\/\/handles.com.tr\/en\/product\/tugra-aynali-kapi-kolu\/#breadcrumb\"},\"inLanguage\":\"en-US\",\"potentialAction\":[{\"@type\":\"ReadAction\",\"target\":[\"http:\/\/handles.com.tr\/en\/product\/tugra-aynali-kapi-kolu\/\"]}]},{\"@type\":\"BreadcrumbList\",\"@id\":\"http:\/\/handles.com.tr\/en\/product\/tugra-aynali-kapi-kolu\/#breadcrumb\",\"itemListElement\":[{\"@type\":\"ListItem\",\"position\":1,\"name\":\"Anasayfa\",\"item\":\"https:\/\/handles.com.tr\/en\/\"},{\"@type\":\"ListItem\",\"position\":2,\"name\":\"\u00dcr\u00fcnler\",\"item\":\"http:\/\/handles.com.tr\/shop\/\"},{\"@type\":\"ListItem\",\"position\":3,\"name\":\"Tu\u011fra Aynal\u0131 Kap\u0131 Kolu\"}]},{\"@type\":\"WebSite\",\"@id\":\"https:\/\/handles.com.tr\/en\/#website\",\"url\":\"https:\/\/handles.com.tr\/en\/\",\"name\":\"Handles\",\"description\":\"Kap\u0131 Kollar\u0131 ve Aksesuarlar\u0131\",\"potentialAction\":[{\"@type\":\"SearchAction\",\"target\":{\"@type\":\"EntryPoint\",\"urlTemplate\":\"https:\/\/handles.com.tr\/en\/?s={search_term_string}\"},\"query-input\":\"required name=search_term_string\"}],\"inLanguage\":\"en-US\"}]}<\/script>\n<!-- \/ Yoast SEO Premium plugin. -->","yoast_head_json":{"title":"Tu\u011fra Aynal\u0131 Kap\u0131 Kolu - Handles","robots":{"index":"index","follow":"follow","max-snippet":"max-snippet:-1","max-image-preview":"max-image-preview:large","max-video-preview":"max-video-preview:-1"},"canonical":"http:\/\/handles.com.tr\/en\/product\/tugra-aynali-kapi-kolu\/","og_locale":"en_US","og_type":"article","og_title":"Tu\u011fra Aynal\u0131 Kap\u0131 Kolu","og_description":"Lorem ipsum dolor sit amet, consectetur adipiscing elit. Praesent et ultricies nunc. In et mattis arcu. Nullam pulvinar magna eu sem hendrerit, tempor ullamcorper justo fringilla. Ut ac pharetra tellus. Quisque quis nibh nisl. Mauris congue purus sed eleifend facilisis. Vivamus tempor euismod mattis. Nunc laoreet vehicula lacus quis tristique. Etiam fringilla ipsum eget lectus convallis posuere. Suspendisse potenti. Morbi a dictum odio, eu tempus velit. Duis hendrerit, nunc id tempor vehicula, mauris tellus tincidunt mauris, eu congue elit nibh eget lacus. Aliquam volutpat, massa et porttitor aliquam, nibh diam ultrices nisl, et condimentum lectus lorem ac dolor.","og_url":"http:\/\/handles.com.tr\/en\/product\/tugra-aynali-kapi-kolu\/","og_site_name":"Handles","article_modified_time":"2022-12-13T03:39:07+00:00","og_image":[{"width":800,"height":1500,"url":"http:\/\/handles.com.tr\/wp-content\/uploads\/2022\/09\/TUGRA-ANAGORSEL.png","type":"image\/png"}],"twitter_card":"summary_large_image","schema":{"@context":"https:\/\/schema.org","@graph":[{"@type":"WebPage","@id":"http:\/\/handles.com.tr\/en\/product\/tugra-aynali-kapi-kolu\/","url":"http:\/\/handles.com.tr\/en\/product\/tugra-aynali-kapi-kolu\/","name":"Tu\u011fra Aynal\u0131 Kap\u0131 Kolu - Handles","isPartOf":{"@id":"https:\/\/handles.com.tr\/en\/#website"},"datePublished":"2022-09-05T21:14:00+00:00","dateModified":"2022-12-13T03:39:07+00:00","breadcrumb":{"@id":"http:\/\/handles.com.tr\/en\/product\/tugra-aynali-kapi-kolu\/#breadcrumb"},"inLanguage":"en-US","potentialAction":[{"@type":"ReadAction","target":["http:\/\/handles.com.tr\/en\/product\/tugra-aynali-kapi-kolu\/"]}]},{"@type":"BreadcrumbList","@id":"http:\/\/handles.com.tr\/en\/product\/tugra-aynali-kapi-kolu\/#breadcrumb","itemListElement":[{"@type":"ListItem","position":1,"name":"Anasayfa","item":"https:\/\/handles.com.tr\/en\/"},{"@type":"ListItem","position":2,"name":"\u00dcr\u00fcnler","item":"http:\/\/handles.com.tr\/shop\/"},{"@type":"ListItem","position":3,"name":"Tu\u011fra Aynal\u0131 Kap\u0131 Kolu"}]},{"@type":"WebSite","@id":"https:\/\/handles.com.tr\/en\/#website","url":"https:\/\/handles.com.tr\/en\/","name":"Handles","description":"Kap\u0131 Kollar\u0131 ve Aksesuarlar\u0131","potentialAction":[{"@type":"SearchAction","target":{"@type":"EntryPoint","urlTemplate":"https:\/\/handles.com.tr\/en\/?s={search_term_string}"},"query-input":"required name=search_term_string"}],"inLanguage":"en-US"}]}},"_links":{"self":[{"href":"http:\/\/handles.com.tr\/en\/wp-json\/wp\/v2\/product\/3700"}],"collection":[{"href":"http:\/\/handles.com.tr\/en\/wp-json\/wp\/v2\/product"}],"about":[{"href":"http:\/\/handles.com.tr\/en\/wp-json\/wp\/v2\/types\/product"}],"replies":[{"embeddable":true,"href":"http:\/\/handles.com.tr\/en\/wp-json\/wp\/v2\/comments?post=3700"}],"version-history":[{"count":1,"href":"http:\/\/handles.com.tr\/en\/wp-json\/wp\/v2\/product\/3700\/revisions"}],"predecessor-version":[{"id":3722,"href":"http:\/\/handles.com.tr\/en\/wp-json\/wp\/v2\/product\/3700\/revisions\/3722"}],"wp:featuredmedia":[{"embeddable":true,"href":"http:\/\/handles.com.tr\/en\/wp-json\/wp\/v2\/media\/3725"}],"wp:attachment":[{"href":"http:\/\/handles.com.tr\/en\/wp-json\/wp\/v2\/media?parent=3700"}],"wp:term":[{"taxonomy":"product_cat","embeddable":true,"href":"http:\/\/handles.com.tr\/en\/wp-json\/wp\/v2\/product_cat?post=3700"},{"taxonomy":"product_tag","embeddable":true,"href":"http:\/\/handles.com.tr\/en\/wp-json\/wp\/v2\/product_tag?post=3700"}],"curies":[{"name":"wp","href":"https:\/\/api.w.org\/{rel}","templated":true}]}}