{"id":3640,"date":"2022-09-05T18:38:32","date_gmt":"2022-09-05T18:38:32","guid":{"rendered":"http:\/\/handles.com.tr\/?post_type=product&#038;p=3640"},"modified":"2022-12-13T03:37:51","modified_gmt":"2022-12-13T03:37:51","slug":"hanedan-aynali-kapi-kolu","status":"publish","type":"product","link":"http:\/\/handles.com.tr\/en\/product\/hanedan-aynali-kapi-kolu\/","title":{"rendered":"Hanedan Aynal\u0131 Kap\u0131 Kolu"},"content":{"rendered":"","protected":false},"excerpt":{"rendered":"","protected":false},"featured_media":3723,"comment_status":"open","ping_status":"closed","template":"","meta":{"_joinchat":[]},"product_cat":[234,232,231,244,233],"product_tag":[],"yoast_head":"<!-- This site is optimized with the Yoast SEO Premium plugin v19.6 (Yoast SEO v19.12) - https:\/\/yoast.com\/wordpress\/plugins\/seo\/ -->\n<title>Hanedan Aynal\u0131 Kap\u0131 Kolu - Handles<\/title>\n<meta name=\"robots\" content=\"index, follow, max-snippet:-1, max-image-preview:large, max-video-preview:-1\" \/>\n<link rel=\"canonical\" href=\"http:\/\/handles.com.tr\/en\/product\/hanedan-aynali-kapi-kolu\/\" \/>\n<meta property=\"og:locale\" content=\"en_US\" \/>\n<meta property=\"og:type\" content=\"article\" \/>\n<meta property=\"og:title\" content=\"Hanedan Aynal\u0131 Kap\u0131 Kolu\" \/>\n<meta property=\"og:url\" content=\"http:\/\/handles.com.tr\/en\/product\/hanedan-aynali-kapi-kolu\/\" \/>\n<meta property=\"og:site_name\" content=\"Handles\" \/>\n<meta property=\"article:modified_time\" content=\"2022-12-13T03:37:51+00:00\" \/>\n<meta property=\"og:image\" content=\"http:\/\/handles.com.tr\/wp-content\/uploads\/2022\/09\/HANEDAN-ANA-GORSEL.png\" \/>\n\t<meta property=\"og:image:width\" content=\"800\" \/>\n\t<meta property=\"og:image:height\" content=\"1500\" \/>\n\t<meta property=\"og:image:type\" content=\"image\/png\" \/>\n<meta name=\"twitter:card\" content=\"summary_large_image\" \/>\n<script type=\"application\/ld+json\" class=\"yoast-schema-graph\">{\"@context\":\"https:\/\/schema.org\",\"@graph\":[{\"@type\":\"WebPage\",\"@id\":\"http:\/\/handles.com.tr\/urun\/hanedan-aynali-kapi-kolu\/\",\"url\":\"http:\/\/handles.com.tr\/urun\/hanedan-aynali-kapi-kolu\/\",\"name\":\"Hanedan Aynal\u0131 Kap\u0131 Kolu - Handles\",\"isPartOf\":{\"@id\":\"http:\/\/handles.com.tr\/en\/#website\"},\"datePublished\":\"2022-09-05T18:38:32+00:00\",\"dateModified\":\"2022-12-13T03:37:51+00:00\",\"breadcrumb\":{\"@id\":\"http:\/\/handles.com.tr\/urun\/hanedan-aynali-kapi-kolu\/#breadcrumb\"},\"inLanguage\":\"en-US\",\"potentialAction\":[{\"@type\":\"ReadAction\",\"target\":[\"http:\/\/handles.com.tr\/urun\/hanedan-aynali-kapi-kolu\/\"]}]},{\"@type\":\"BreadcrumbList\",\"@id\":\"http:\/\/handles.com.tr\/urun\/hanedan-aynali-kapi-kolu\/#breadcrumb\",\"itemListElement\":[{\"@type\":\"ListItem\",\"position\":1,\"name\":\"Anasayfa\",\"item\":\"http:\/\/handles.com.tr\/en\/\"},{\"@type\":\"ListItem\",\"position\":2,\"name\":\"Products\",\"item\":\"http:\/\/handles.com.tr\/en\/shop\/\"},{\"@type\":\"ListItem\",\"position\":3,\"name\":\"Hanedan Aynal\u0131 Kap\u0131 Kolu\"}]},{\"@type\":\"WebSite\",\"@id\":\"http:\/\/handles.com.tr\/en\/#website\",\"url\":\"http:\/\/handles.com.tr\/en\/\",\"name\":\"Handles\",\"description\":\"Kap\u0131 Kollar\u0131 ve Aksesuarlar\u0131\",\"potentialAction\":[{\"@type\":\"SearchAction\",\"target\":{\"@type\":\"EntryPoint\",\"urlTemplate\":\"http:\/\/handles.com.tr\/en\/?s={search_term_string}\"},\"query-input\":\"required name=search_term_string\"}],\"inLanguage\":\"en-US\"}]}<\/script>\n<!-- \/ Yoast SEO Premium plugin. -->","yoast_head_json":{"title":"Hanedan Aynal\u0131 Kap\u0131 Kolu - Handles","robots":{"index":"index","follow":"follow","max-snippet":"max-snippet:-1","max-image-preview":"max-image-preview:large","max-video-preview":"max-video-preview:-1"},"canonical":"http:\/\/handles.com.tr\/en\/product\/hanedan-aynali-kapi-kolu\/","og_locale":"en_US","og_type":"article","og_title":"Hanedan Aynal\u0131 Kap\u0131 Kolu","og_url":"http:\/\/handles.com.tr\/en\/product\/hanedan-aynali-kapi-kolu\/","og_site_name":"Handles","article_modified_time":"2022-12-13T03:37:51+00:00","og_image":[{"width":800,"height":1500,"url":"http:\/\/handles.com.tr\/wp-content\/uploads\/2022\/09\/HANEDAN-ANA-GORSEL.png","type":"image\/png"}],"twitter_card":"summary_large_image","schema":{"@context":"https:\/\/schema.org","@graph":[{"@type":"WebPage","@id":"http:\/\/handles.com.tr\/urun\/hanedan-aynali-kapi-kolu\/","url":"http:\/\/handles.com.tr\/urun\/hanedan-aynali-kapi-kolu\/","name":"Hanedan Aynal\u0131 Kap\u0131 Kolu - Handles","isPartOf":{"@id":"http:\/\/handles.com.tr\/en\/#website"},"datePublished":"2022-09-05T18:38:32+00:00","dateModified":"2022-12-13T03:37:51+00:00","breadcrumb":{"@id":"http:\/\/handles.com.tr\/urun\/hanedan-aynali-kapi-kolu\/#breadcrumb"},"inLanguage":"en-US","potentialAction":[{"@type":"ReadAction","target":["http:\/\/handles.com.tr\/urun\/hanedan-aynali-kapi-kolu\/"]}]},{"@type":"BreadcrumbList","@id":"http:\/\/handles.com.tr\/urun\/hanedan-aynali-kapi-kolu\/#breadcrumb","itemListElement":[{"@type":"ListItem","position":1,"name":"Anasayfa","item":"http:\/\/handles.com.tr\/en\/"},{"@type":"ListItem","position":2,"name":"Products","item":"http:\/\/handles.com.tr\/en\/shop\/"},{"@type":"ListItem","position":3,"name":"Hanedan Aynal\u0131 Kap\u0131 Kolu"}]},{"@type":"WebSite","@id":"http:\/\/handles.com.tr\/en\/#website","url":"http:\/\/handles.com.tr\/en\/","name":"Handles","description":"Kap\u0131 Kollar\u0131 ve Aksesuarlar\u0131","potentialAction":[{"@type":"SearchAction","target":{"@type":"EntryPoint","urlTemplate":"http:\/\/handles.com.tr\/en\/?s={search_term_string}"},"query-input":"required name=search_term_string"}],"inLanguage":"en-US"}]}},"_links":{"self":[{"href":"http:\/\/handles.com.tr\/en\/wp-json\/wp\/v2\/product\/3640"}],"collection":[{"href":"http:\/\/handles.com.tr\/en\/wp-json\/wp\/v2\/product"}],"about":[{"href":"http:\/\/handles.com.tr\/en\/wp-json\/wp\/v2\/types\/product"}],"replies":[{"embeddable":true,"href":"http:\/\/handles.com.tr\/en\/wp-json\/wp\/v2\/comments?post=3640"}],"version-history":[{"count":0,"href":"http:\/\/handles.com.tr\/en\/wp-json\/wp\/v2\/product\/3640\/revisions"}],"wp:featuredmedia":[{"embeddable":true,"href":"http:\/\/handles.com.tr\/en\/wp-json\/wp\/v2\/media\/3723"}],"wp:attachment":[{"href":"http:\/\/handles.com.tr\/en\/wp-json\/wp\/v2\/media?parent=3640"}],"wp:term":[{"taxonomy":"product_cat","embeddable":true,"href":"http:\/\/handles.com.tr\/en\/wp-json\/wp\/v2\/product_cat?post=3640"},{"taxonomy":"product_tag","embeddable":true,"href":"http:\/\/handles.com.tr\/en\/wp-json\/wp\/v2\/product_tag?post=3640"}],"curies":[{"name":"wp","href":"https:\/\/api.w.org\/{rel}","templated":true}]}}