{"id":3985,"date":"2022-09-29T17:52:19","date_gmt":"2022-09-29T17:52:19","guid":{"rendered":"http:\/\/handles.com.tr\/?page_id=3985"},"modified":"2022-09-29T17:55:44","modified_gmt":"2022-09-29T17:55:44","slug":"pvd-uzun-omurlu-kaplama-teknolojisi","status":"publish","type":"page","link":"http:\/\/handles.com.tr\/en\/pvd-uzun-omurlu-kaplama-teknolojisi\/","title":{"rendered":"PVD Long Life Coating Technology"},"content":{"rendered":"<div data-elementor-type=\"wp-page\" data-elementor-id=\"3985\" class=\"elementor elementor-3985\">\n\t\t\t\t\t\t\t\t\t<section class=\"elementor-section elementor-top-section elementor-element elementor-element-abf5469 elementor-section-boxed elementor-section-height-default elementor-section-height-default\" data-id=\"abf5469\" data-element_type=\"section\">\n\t\t\t\t\t\t<div class=\"elementor-container elementor-column-gap-default\">\n\t\t\t\t\t<div class=\"elementor-column elementor-col-50 elementor-top-column elementor-element elementor-element-0e91969\" data-id=\"0e91969\" data-element_type=\"column\">\n\t\t\t<div class=\"elementor-widget-wrap elementor-element-populated\">\n\t\t\t\t\t\t\t\t<div class=\"elementor-element elementor-element-283c58b elementor-widget elementor-widget-heading\" data-id=\"283c58b\" data-element_type=\"widget\" data-widget_type=\"heading.default\">\n\t\t\t\t<div class=\"elementor-widget-container\">\n\t\t\t<style>\/*! elementor - v3.7.7 - 20-09-2022 *\/\n.elementor-heading-title{padding:0;margin:0;line-height:1}.elementor-widget-heading .elementor-heading-title[class*=elementor-size-]>a{color:inherit;font-size:inherit;line-height:inherit}.elementor-widget-heading .elementor-heading-title.elementor-size-small{font-size:15px}.elementor-widget-heading .elementor-heading-title.elementor-size-medium{font-size:19px}.elementor-widget-heading .elementor-heading-title.elementor-size-large{font-size:29px}.elementor-widget-heading .elementor-heading-title.elementor-size-xl{font-size:39px}.elementor-widget-heading .elementor-heading-title.elementor-size-xxl{font-size:59px}<\/style><h2 class=\"elementor-heading-title elementor-size-default\">PVD Long Life Coating Technology<\/h2>\t\t<\/div>\n\t\t\t\t<\/div>\n\t\t\t\t<div class=\"elementor-element elementor-element-b8b7333 elementor-widget elementor-widget-text-editor\" data-id=\"b8b7333\" data-element_type=\"widget\" data-widget_type=\"text-editor.default\">\n\t\t\t\t<div class=\"elementor-widget-container\">\n\t\t\t<style>\/*! elementor - v3.7.7 - 20-09-2022 *\/\n.elementor-widget-text-editor.elementor-drop-cap-view-stacked .elementor-drop-cap{background-color:#818a91;color:#fff}.elementor-widget-text-editor.elementor-drop-cap-view-framed .elementor-drop-cap{color:#818a91;border:3px solid;background-color:transparent}.elementor-widget-text-editor:not(.elementor-drop-cap-view-default) .elementor-drop-cap{margin-top:8px}.elementor-widget-text-editor:not(.elementor-drop-cap-view-default) .elementor-drop-cap-letter{width:1em;height:1em}.elementor-widget-text-editor .elementor-drop-cap{float:left;text-align:center;line-height:1;font-size:50px}.elementor-widget-text-editor .elementor-drop-cap-letter{display:inline-block}<\/style>\t\t\t\t<p>Durability, strength and beauty. Even the most modern and functional environments require accessories that can withstand wear and tear. Advanced technology + aesthetics + function; These three features are presented to you with the PVD (Physical Vapor Deposition) applied by HANDLES to its products.<\/p><p>This masterpiece coating applied to door handles, door bollards, pull handles and accessories provides protection against adverse atmospheric conditions and abrasions such as sunlight, humidity and offers features that will not lose their aesthetic beauty for many years. In addition, it is a completely environmentally friendly technology, and the scratching of the surface it creates and the fact that it is a ceramic-like inorganic structure will also prevent the adhesion and reproduction of bacteria, thus providing complete safety in terms of hygiene.<\/p><p>TSE EN 1906:2008<\/p><p>New TSE certificate for door accessories New TSE EN 1906:2008 norms define test standards methods for door handles and accessories performance. These new standards used represent the most important classification in products and HANDLES HA-KAN METAL reaches level 4, providing the best quality product that you can find in the World and Turkish market today.<\/p><p>\u00a0<\/p><p>\u201cGreen Made\u201d Concept<\/p><p>ISO 14001:2004 environmental management system. Green Made concept implemented by Handles Ha-kan Metal; is the design and production of a product with the environment in mind. Protecting our resources is very important to the global economy, especially in the production process, it is very important to pay attention to protecting the environment. The ISO 14001:2004 environmental management system we implement in our production process is proof of our global concern for protecting the environment.<\/p>\t\t\t\t\t\t<\/div>\n\t\t\t\t<\/div>\n\t\t\t\t\t<\/div>\n\t\t<\/div>\n\t\t\t\t<div class=\"elementor-column elementor-col-50 elementor-top-column elementor-element elementor-element-5db56c6\" data-id=\"5db56c6\" data-element_type=\"column\">\n\t\t\t<div class=\"elementor-widget-wrap elementor-element-populated\">\n\t\t\t\t\t\t\t\t<div class=\"elementor-element elementor-element-a9c3552 elementor-widget elementor-widget-image\" data-id=\"a9c3552\" data-element_type=\"widget\" data-widget_type=\"image.default\">\n\t\t\t\t<div class=\"elementor-widget-container\">\n\t\t\t<style>\/*! elementor - v3.7.7 - 20-09-2022 *\/\n.elementor-widget-image{text-align:center}.elementor-widget-image a{display:inline-block}.elementor-widget-image a img[src$=\".svg\"]{width:48px}.elementor-widget-image img{vertical-align:middle;display:inline-block}<\/style>\t\t\t\t\t\t\t\t\t\t\t\t<img width=\"768\" height=\"1024\" src=\"http:\/\/handles.com.tr\/wp-content\/uploads\/2022\/09\/Short-list-of-references-768x1024.jpg\" class=\"attachment-large size-large\" alt=\"\" loading=\"lazy\" srcset=\"http:\/\/handles.com.tr\/wp-content\/uploads\/2022\/09\/Short-list-of-references-768x1024.jpg 768w, http:\/\/handles.com.tr\/wp-content\/uploads\/2022\/09\/Short-list-of-references-500x667.jpg 500w, http:\/\/handles.com.tr\/wp-content\/uploads\/2022\/09\/Short-list-of-references-700x933.jpg 700w, http:\/\/handles.com.tr\/wp-content\/uploads\/2022\/09\/Short-list-of-references-225x300.jpg 225w, http:\/\/handles.com.tr\/wp-content\/uploads\/2022\/09\/Short-list-of-references-200x267.jpg 200w, http:\/\/handles.com.tr\/wp-content\/uploads\/2022\/09\/Short-list-of-references-400x533.jpg 400w, http:\/\/handles.com.tr\/wp-content\/uploads\/2022\/09\/Short-list-of-references-600x800.jpg 600w, http:\/\/handles.com.tr\/wp-content\/uploads\/2022\/09\/Short-list-of-references-800x1067.jpg 800w, http:\/\/handles.com.tr\/wp-content\/uploads\/2022\/09\/Short-list-of-references.jpg 1044w\" sizes=\"(max-width: 768px) 100vw, 768px\" \/>\t\t\t\t\t\t\t\t\t\t\t\t\t\t\t<\/div>\n\t\t\t\t<\/div>\n\t\t\t\t\t<\/div>\n\t\t<\/div>\n\t\t\t\t\t\t\t<\/div>\n\t\t<\/section>\n\t\t\t\t\t\t\t<\/div>","protected":false},"excerpt":{"rendered":"<p>PVD Uzun \u00d6m\u00fcrl\u00fc Kaplama Teknolojisi Dayan\u0131kl\u0131l\u0131k, mukavemet ve g\u00fczellik. En modern ve fonksiyonel \u00e7evrede dahi a\u015f\u0131nma ve y\u0131pranmaya kar\u015f\u0131 koyabilecek aksesuarlara gereksinim vard\u0131r. \u0130leri teknoloji + estetik + fonksiyon; bu \u00fc\u00e7 \u00f6zellik HANDLES\u2019\u0131n \u00fcr\u00fcnlerine uygulad\u0131\u011f\u0131 PVD (Physical Vapour Deposition \u2013 Fiziksel Buhar Depolamas\u0131) ile sizlere sunulmu\u015ftur. Kap\u0131 kolu, kap\u0131 babas\u0131, \u00e7ekme kol ve aksesuarlara uygulanan [&hellip;]<\/p>","protected":false},"author":3,"featured_media":0,"parent":0,"menu_order":0,"comment_status":"closed","ping_status":"closed","template":"","meta":{"_joinchat":[]},"yoast_head":"<!-- This site is optimized with the Yoast SEO Premium plugin v19.6 (Yoast SEO v19.12) - https:\/\/yoast.com\/wordpress\/plugins\/seo\/ -->\n<title>PVD Uzun \u00d6m\u00fcrl\u00fc Kaplama Teknolojisi - Handles<\/title>\n<meta name=\"robots\" content=\"index, follow, max-snippet:-1, max-image-preview:large, max-video-preview:-1\" \/>\n<link rel=\"canonical\" href=\"http:\/\/handles.com.tr\/en\/pvd-uzun-omurlu-kaplama-teknolojisi\/\" \/>\n<meta property=\"og:locale\" content=\"en_US\" \/>\n<meta property=\"og:type\" content=\"article\" \/>\n<meta property=\"og:title\" content=\"PVD Uzun \u00d6m\u00fcrl\u00fc Kaplama Teknolojisi\" \/>\n<meta property=\"og:description\" content=\"PVD Uzun \u00d6m\u00fcrl\u00fc Kaplama Teknolojisi Dayan\u0131kl\u0131l\u0131k, mukavemet ve g\u00fczellik. En modern ve fonksiyonel \u00e7evrede dahi a\u015f\u0131nma ve y\u0131pranmaya kar\u015f\u0131 koyabilecek aksesuarlara gereksinim vard\u0131r. \u0130leri teknoloji + estetik + fonksiyon; bu \u00fc\u00e7 \u00f6zellik HANDLES\u2019\u0131n \u00fcr\u00fcnlerine uygulad\u0131\u011f\u0131 PVD (Physical Vapour Deposition \u2013 Fiziksel Buhar Depolamas\u0131) ile sizlere sunulmu\u015ftur. Kap\u0131 kolu, kap\u0131 babas\u0131, \u00e7ekme kol ve aksesuarlara uygulanan [&hellip;]\" \/>\n<meta property=\"og:url\" content=\"http:\/\/handles.com.tr\/en\/pvd-uzun-omurlu-kaplama-teknolojisi\/\" \/>\n<meta property=\"og:site_name\" content=\"Handles\" \/>\n<meta property=\"article:modified_time\" content=\"2022-09-29T17:55:44+00:00\" \/>\n<meta property=\"og:image\" content=\"http:\/\/handles.com.tr\/wp-content\/uploads\/2022\/09\/Short-list-of-references-768x1024.jpg\" \/>\n<meta name=\"twitter:card\" content=\"summary_large_image\" \/>\n<meta name=\"twitter:label1\" content=\"Est. reading time\" \/>\n\t<meta name=\"twitter:data1\" content=\"1 minute\" \/>\n<script type=\"application\/ld+json\" class=\"yoast-schema-graph\">{\"@context\":\"https:\/\/schema.org\",\"@graph\":[{\"@type\":\"WebPage\",\"@id\":\"http:\/\/handles.com.tr\/en\/pvd-uzun-omurlu-kaplama-teknolojisi\/\",\"url\":\"http:\/\/handles.com.tr\/en\/pvd-uzun-omurlu-kaplama-teknolojisi\/\",\"name\":\"PVD Uzun \u00d6m\u00fcrl\u00fc Kaplama Teknolojisi - Handles\",\"isPartOf\":{\"@id\":\"http:\/\/handles.com.tr\/en\/#website\"},\"datePublished\":\"2022-09-29T17:52:19+00:00\",\"dateModified\":\"2022-09-29T17:55:44+00:00\",\"breadcrumb\":{\"@id\":\"http:\/\/handles.com.tr\/en\/pvd-uzun-omurlu-kaplama-teknolojisi\/#breadcrumb\"},\"inLanguage\":\"en-US\",\"potentialAction\":[{\"@type\":\"ReadAction\",\"target\":[\"http:\/\/handles.com.tr\/en\/pvd-uzun-omurlu-kaplama-teknolojisi\/\"]}]},{\"@type\":\"BreadcrumbList\",\"@id\":\"http:\/\/handles.com.tr\/en\/pvd-uzun-omurlu-kaplama-teknolojisi\/#breadcrumb\",\"itemListElement\":[{\"@type\":\"ListItem\",\"position\":1,\"name\":\"Anasayfa\",\"item\":\"http:\/\/handles.com.tr\/en\/\"},{\"@type\":\"ListItem\",\"position\":2,\"name\":\"PVD Uzun \u00d6m\u00fcrl\u00fc Kaplama Teknolojisi\"}]},{\"@type\":\"WebSite\",\"@id\":\"http:\/\/handles.com.tr\/en\/#website\",\"url\":\"http:\/\/handles.com.tr\/en\/\",\"name\":\"Handles\",\"description\":\"Kap\u0131 Kollar\u0131 ve Aksesuarlar\u0131\",\"potentialAction\":[{\"@type\":\"SearchAction\",\"target\":{\"@type\":\"EntryPoint\",\"urlTemplate\":\"http:\/\/handles.com.tr\/en\/?s={search_term_string}\"},\"query-input\":\"required name=search_term_string\"}],\"inLanguage\":\"en-US\"}]}<\/script>\n<!-- \/ Yoast SEO Premium plugin. -->","yoast_head_json":{"title":"PVD Uzun \u00d6m\u00fcrl\u00fc Kaplama Teknolojisi - Handles","robots":{"index":"index","follow":"follow","max-snippet":"max-snippet:-1","max-image-preview":"max-image-preview:large","max-video-preview":"max-video-preview:-1"},"canonical":"http:\/\/handles.com.tr\/en\/pvd-uzun-omurlu-kaplama-teknolojisi\/","og_locale":"en_US","og_type":"article","og_title":"PVD Uzun \u00d6m\u00fcrl\u00fc Kaplama Teknolojisi","og_description":"PVD Uzun \u00d6m\u00fcrl\u00fc Kaplama Teknolojisi Dayan\u0131kl\u0131l\u0131k, mukavemet ve g\u00fczellik. En modern ve fonksiyonel \u00e7evrede dahi a\u015f\u0131nma ve y\u0131pranmaya kar\u015f\u0131 koyabilecek aksesuarlara gereksinim vard\u0131r. \u0130leri teknoloji + estetik + fonksiyon; bu \u00fc\u00e7 \u00f6zellik HANDLES\u2019\u0131n \u00fcr\u00fcnlerine uygulad\u0131\u011f\u0131 PVD (Physical Vapour Deposition \u2013 Fiziksel Buhar Depolamas\u0131) ile sizlere sunulmu\u015ftur. Kap\u0131 kolu, kap\u0131 babas\u0131, \u00e7ekme kol ve aksesuarlara uygulanan [&hellip;]","og_url":"http:\/\/handles.com.tr\/en\/pvd-uzun-omurlu-kaplama-teknolojisi\/","og_site_name":"Handles","article_modified_time":"2022-09-29T17:55:44+00:00","og_image":[{"url":"http:\/\/handles.com.tr\/wp-content\/uploads\/2022\/09\/Short-list-of-references-768x1024.jpg"}],"twitter_card":"summary_large_image","twitter_misc":{"Est. reading time":"1 minute"},"schema":{"@context":"https:\/\/schema.org","@graph":[{"@type":"WebPage","@id":"http:\/\/handles.com.tr\/en\/pvd-uzun-omurlu-kaplama-teknolojisi\/","url":"http:\/\/handles.com.tr\/en\/pvd-uzun-omurlu-kaplama-teknolojisi\/","name":"PVD Uzun \u00d6m\u00fcrl\u00fc Kaplama Teknolojisi - Handles","isPartOf":{"@id":"http:\/\/handles.com.tr\/en\/#website"},"datePublished":"2022-09-29T17:52:19+00:00","dateModified":"2022-09-29T17:55:44+00:00","breadcrumb":{"@id":"http:\/\/handles.com.tr\/en\/pvd-uzun-omurlu-kaplama-teknolojisi\/#breadcrumb"},"inLanguage":"en-US","potentialAction":[{"@type":"ReadAction","target":["http:\/\/handles.com.tr\/en\/pvd-uzun-omurlu-kaplama-teknolojisi\/"]}]},{"@type":"BreadcrumbList","@id":"http:\/\/handles.com.tr\/en\/pvd-uzun-omurlu-kaplama-teknolojisi\/#breadcrumb","itemListElement":[{"@type":"ListItem","position":1,"name":"Anasayfa","item":"http:\/\/handles.com.tr\/en\/"},{"@type":"ListItem","position":2,"name":"PVD Uzun \u00d6m\u00fcrl\u00fc Kaplama Teknolojisi"}]},{"@type":"WebSite","@id":"http:\/\/handles.com.tr\/en\/#website","url":"http:\/\/handles.com.tr\/en\/","name":"Handles","description":"Kap\u0131 Kollar\u0131 ve Aksesuarlar\u0131","potentialAction":[{"@type":"SearchAction","target":{"@type":"EntryPoint","urlTemplate":"http:\/\/handles.com.tr\/en\/?s={search_term_string}"},"query-input":"required name=search_term_string"}],"inLanguage":"en-US"}]}},"_links":{"self":[{"href":"http:\/\/handles.com.tr\/en\/wp-json\/wp\/v2\/pages\/3985"}],"collection":[{"href":"http:\/\/handles.com.tr\/en\/wp-json\/wp\/v2\/pages"}],"about":[{"href":"http:\/\/handles.com.tr\/en\/wp-json\/wp\/v2\/types\/page"}],"author":[{"embeddable":true,"href":"http:\/\/handles.com.tr\/en\/wp-json\/wp\/v2\/users\/3"}],"replies":[{"embeddable":true,"href":"http:\/\/handles.com.tr\/en\/wp-json\/wp\/v2\/comments?post=3985"}],"version-history":[{"count":4,"href":"http:\/\/handles.com.tr\/en\/wp-json\/wp\/v2\/pages\/3985\/revisions"}],"predecessor-version":[{"id":3990,"href":"http:\/\/handles.com.tr\/en\/wp-json\/wp\/v2\/pages\/3985\/revisions\/3990"}],"wp:attachment":[{"href":"http:\/\/handles.com.tr\/en\/wp-json\/wp\/v2\/media?parent=3985"}],"curies":[{"name":"wp","href":"https:\/\/api.w.org\/{rel}","templated":true}]}}