{"id":3974,"date":"2022-09-29T17:45:31","date_gmt":"2022-09-29T17:45:31","guid":{"rendered":"http:\/\/handles.com.tr\/?page_id=3974"},"modified":"2022-09-29T17:51:39","modified_gmt":"2022-09-29T17:51:39","slug":"teknoloji","status":"publish","type":"page","link":"http:\/\/handles.com.tr\/en\/teknoloji\/","title":{"rendered":"Technology"},"content":{"rendered":"<div data-elementor-type=\"wp-page\" data-elementor-id=\"3974\" class=\"elementor elementor-3974\">\n\t\t\t\t\t\t\t\t\t<section class=\"elementor-section elementor-top-section elementor-element elementor-element-d376005 elementor-section-boxed elementor-section-height-default elementor-section-height-default\" data-id=\"d376005\" data-element_type=\"section\">\n\t\t\t\t\t\t<div class=\"elementor-container elementor-column-gap-default\">\n\t\t\t\t\t<div class=\"elementor-column elementor-col-50 elementor-top-column elementor-element elementor-element-d7a9e32\" data-id=\"d7a9e32\" data-element_type=\"column\">\n\t\t\t<div class=\"elementor-widget-wrap elementor-element-populated\">\n\t\t\t\t\t\t\t\t<div class=\"elementor-element elementor-element-3551320 elementor-widget elementor-widget-image\" data-id=\"3551320\" data-element_type=\"widget\" data-widget_type=\"image.default\">\n\t\t\t\t<div class=\"elementor-widget-container\">\n\t\t\t<style>\/*! elementor - v3.7.7 - 20-09-2022 *\/\n.elementor-widget-image{text-align:center}.elementor-widget-image a{display:inline-block}.elementor-widget-image a img[src$=\".svg\"]{width:48px}.elementor-widget-image img{vertical-align:middle;display:inline-block}<\/style>\t\t\t\t\t\t\t\t\t\t\t\t<img width=\"768\" height=\"1024\" src=\"http:\/\/handles.com.tr\/wp-content\/uploads\/2022\/09\/uretim-gorsel-768x1024.png\" class=\"attachment-large size-large\" alt=\"\" loading=\"lazy\" srcset=\"http:\/\/handles.com.tr\/wp-content\/uploads\/2022\/09\/uretim-gorsel-768x1024.png 768w, http:\/\/handles.com.tr\/wp-content\/uploads\/2022\/09\/uretim-gorsel-500x667.png 500w, http:\/\/handles.com.tr\/wp-content\/uploads\/2022\/09\/uretim-gorsel-700x933.png 700w, http:\/\/handles.com.tr\/wp-content\/uploads\/2022\/09\/uretim-gorsel-225x300.png 225w, http:\/\/handles.com.tr\/wp-content\/uploads\/2022\/09\/uretim-gorsel-1152x1536.png 1152w, http:\/\/handles.com.tr\/wp-content\/uploads\/2022\/09\/uretim-gorsel-1536x2048.png 1536w, http:\/\/handles.com.tr\/wp-content\/uploads\/2022\/09\/uretim-gorsel-200x267.png 200w, http:\/\/handles.com.tr\/wp-content\/uploads\/2022\/09\/uretim-gorsel-400x533.png 400w, http:\/\/handles.com.tr\/wp-content\/uploads\/2022\/09\/uretim-gorsel-600x800.png 600w, http:\/\/handles.com.tr\/wp-content\/uploads\/2022\/09\/uretim-gorsel-800x1067.png 800w, http:\/\/handles.com.tr\/wp-content\/uploads\/2022\/09\/uretim-gorsel-1200x1600.png 1200w\" sizes=\"(max-width: 768px) 100vw, 768px\" \/>\t\t\t\t\t\t\t\t\t\t\t\t\t\t\t<\/div>\n\t\t\t\t<\/div>\n\t\t\t\t\t<\/div>\n\t\t<\/div>\n\t\t\t\t<div class=\"elementor-column elementor-col-50 elementor-top-column elementor-element elementor-element-39d4ab0\" data-id=\"39d4ab0\" data-element_type=\"column\">\n\t\t\t<div class=\"elementor-widget-wrap elementor-element-populated\">\n\t\t\t\t\t\t\t\t<div class=\"elementor-element elementor-element-256bc8c elementor-widget elementor-widget-heading\" data-id=\"256bc8c\" data-element_type=\"widget\" data-widget_type=\"heading.default\">\n\t\t\t\t<div class=\"elementor-widget-container\">\n\t\t\t<style>\/*! elementor - v3.7.7 - 20-09-2022 *\/\n.elementor-heading-title{padding:0;margin:0;line-height:1}.elementor-widget-heading .elementor-heading-title[class*=elementor-size-]>a{color:inherit;font-size:inherit;line-height:inherit}.elementor-widget-heading .elementor-heading-title.elementor-size-small{font-size:15px}.elementor-widget-heading .elementor-heading-title.elementor-size-medium{font-size:19px}.elementor-widget-heading .elementor-heading-title.elementor-size-large{font-size:29px}.elementor-widget-heading .elementor-heading-title.elementor-size-xl{font-size:39px}.elementor-widget-heading .elementor-heading-title.elementor-size-xxl{font-size:59px}<\/style><h2 class=\"elementor-heading-title elementor-size-default\">Technology<\/h2>\t\t<\/div>\n\t\t\t\t<\/div>\n\t\t\t\t<div class=\"elementor-element elementor-element-aa26765 elementor-widget elementor-widget-text-editor\" data-id=\"aa26765\" data-element_type=\"widget\" data-widget_type=\"text-editor.default\">\n\t\t\t\t<div class=\"elementor-widget-container\">\n\t\t\t<style>\/*! elementor - v3.7.7 - 20-09-2022 *\/\n.elementor-widget-text-editor.elementor-drop-cap-view-stacked .elementor-drop-cap{background-color:#818a91;color:#fff}.elementor-widget-text-editor.elementor-drop-cap-view-framed .elementor-drop-cap{color:#818a91;border:3px solid;background-color:transparent}.elementor-widget-text-editor:not(.elementor-drop-cap-view-default) .elementor-drop-cap{margin-top:8px}.elementor-widget-text-editor:not(.elementor-drop-cap-view-default) .elementor-drop-cap-letter{width:1em;height:1em}.elementor-widget-text-editor .elementor-drop-cap{float:left;text-align:center;line-height:1;font-size:50px}.elementor-widget-text-editor .elementor-drop-cap-letter{display:inline-block}<\/style>\t\t\t\t<p>HYGIENE, EJOLOGY, DURABILITY<\/p><p>PVD Long Life Coating Technology<\/p><p>Durability, Quality and Aesthetics. Even the most modern and functional environments require accessories that can withstand wear and tear. Advanced technology + aesthetics + function; These three features are presented to you with the PVD (Physical Vapor Deposition) applied by HANDLES to its products.<\/p><p>This masterpiece coating applied to door handles, door bollards, pull handles and accessories provides protection against adverse atmospheric conditions and abrasions such as sunlight, humidity and offers features that will not lose their aesthetic beauty for many years. In addition, it is a completely environmentally friendly technology, and the scratching of the surface it creates and the fact that it is a ceramic-like inorganic structure will also prevent the adhesion and reproduction of bacteria, thus providing complete safety in terms of hygiene.<\/p><p>TSE EN 1906:2008<\/p><p>New TSE certificate \u00a0for door accessories\u00a0<\/p><p>The new TSE EN 1906:2008 norms define test standards methods for the performance of door handles and accessories. These new standards used represent the most important classification in products and HANDLES HA-KAN METAL reaches level 4 and provides the best quality product that you can find in the World and Turkish market today.<\/p><p>\u00a0\u201cGreen Made\u201d Concept<\/p><p>ISO 14001:2004 environmental management system.<\/p><p>Green Made concept implemented by Handles Ha-kan Metal; is the design and production of a product with the environment in mind. Protecting our resources is very important for the global economy, it is very important to pay attention to protecting the environment, especially during the production process. The ISO 14001:2004 environmental management system we implement in our production process is proof of our global concern for protecting the environment.<\/p>\t\t\t\t\t\t<\/div>\n\t\t\t\t<\/div>\n\t\t\t\t\t<\/div>\n\t\t<\/div>\n\t\t\t\t\t\t\t<\/div>\n\t\t<\/section>\n\t\t\t\t\t\t\t<\/div>","protected":false},"excerpt":{"rendered":"<p>Teknoloji H\u0130JYEN, EJOLOJ\u0130, DAYANIKLILIK PVD Uzun \u00d6m\u00fcrl\u00fc Kaplama Teknolojisi Dayan\u0131kl\u0131l\u0131k, Kalite ve Estetik. En modern ve fonksiyonel \u00e7evrede dahi a\u015f\u0131nma ve y\u0131pranmaya kar\u015f\u0131 koyabilecek aksesuarlara gereksinim vard\u0131r. \u0130leri teknoloji + estetik + fonksiyon; bu \u00fc\u00e7 \u00f6zellik HANDLES\u2019\u0131n \u00fcr\u00fcnlerine uygulad\u0131\u011f\u0131 PVD (Physical Vapour Deposition \u2013 Fiziksel Buhar Depolamas\u0131) ile sizlere sunulmu\u015ftur. Kap\u0131 kolu, kap\u0131 babas\u0131, \u00e7ekme [&hellip;]<\/p>","protected":false},"author":3,"featured_media":0,"parent":0,"menu_order":0,"comment_status":"closed","ping_status":"closed","template":"","meta":{"_joinchat":[]},"yoast_head":"<!-- This site is optimized with the Yoast SEO Premium plugin v19.6 (Yoast SEO v19.12) - https:\/\/yoast.com\/wordpress\/plugins\/seo\/ -->\n<title>Teknoloji - Handles<\/title>\n<meta name=\"robots\" content=\"index, follow, max-snippet:-1, max-image-preview:large, max-video-preview:-1\" \/>\n<link rel=\"canonical\" href=\"http:\/\/handles.com.tr\/en\/teknoloji\/\" \/>\n<meta property=\"og:locale\" content=\"en_US\" \/>\n<meta property=\"og:type\" content=\"article\" \/>\n<meta property=\"og:title\" content=\"Teknoloji\" \/>\n<meta property=\"og:description\" content=\"Teknoloji H\u0130JYEN, EJOLOJ\u0130, DAYANIKLILIK PVD Uzun \u00d6m\u00fcrl\u00fc Kaplama Teknolojisi Dayan\u0131kl\u0131l\u0131k, Kalite ve Estetik. En modern ve fonksiyonel \u00e7evrede dahi a\u015f\u0131nma ve y\u0131pranmaya kar\u015f\u0131 koyabilecek aksesuarlara gereksinim vard\u0131r. \u0130leri teknoloji + estetik + fonksiyon; bu \u00fc\u00e7 \u00f6zellik HANDLES\u2019\u0131n \u00fcr\u00fcnlerine uygulad\u0131\u011f\u0131 PVD (Physical Vapour Deposition \u2013 Fiziksel Buhar Depolamas\u0131) ile sizlere sunulmu\u015ftur. Kap\u0131 kolu, kap\u0131 babas\u0131, \u00e7ekme [&hellip;]\" \/>\n<meta property=\"og:url\" content=\"http:\/\/handles.com.tr\/en\/teknoloji\/\" \/>\n<meta property=\"og:site_name\" content=\"Handles\" \/>\n<meta property=\"article:modified_time\" content=\"2022-09-29T17:51:39+00:00\" \/>\n<meta property=\"og:image\" content=\"http:\/\/handles.com.tr\/wp-content\/uploads\/2022\/09\/uretim-gorsel-768x1024.png\" \/>\n<meta name=\"twitter:card\" content=\"summary_large_image\" \/>\n<meta name=\"twitter:label1\" content=\"Est. reading time\" \/>\n\t<meta name=\"twitter:data1\" content=\"1 minute\" \/>\n<script type=\"application\/ld+json\" class=\"yoast-schema-graph\">{\"@context\":\"https:\/\/schema.org\",\"@graph\":[{\"@type\":\"WebPage\",\"@id\":\"http:\/\/handles.com.tr\/en\/teknoloji\/\",\"url\":\"http:\/\/handles.com.tr\/en\/teknoloji\/\",\"name\":\"Teknoloji - Handles\",\"isPartOf\":{\"@id\":\"http:\/\/handles.com.tr\/en\/#website\"},\"datePublished\":\"2022-09-29T17:45:31+00:00\",\"dateModified\":\"2022-09-29T17:51:39+00:00\",\"breadcrumb\":{\"@id\":\"http:\/\/handles.com.tr\/en\/teknoloji\/#breadcrumb\"},\"inLanguage\":\"en-US\",\"potentialAction\":[{\"@type\":\"ReadAction\",\"target\":[\"http:\/\/handles.com.tr\/en\/teknoloji\/\"]}]},{\"@type\":\"BreadcrumbList\",\"@id\":\"http:\/\/handles.com.tr\/en\/teknoloji\/#breadcrumb\",\"itemListElement\":[{\"@type\":\"ListItem\",\"position\":1,\"name\":\"Anasayfa\",\"item\":\"http:\/\/handles.com.tr\/en\/\"},{\"@type\":\"ListItem\",\"position\":2,\"name\":\"Teknoloji\"}]},{\"@type\":\"WebSite\",\"@id\":\"http:\/\/handles.com.tr\/en\/#website\",\"url\":\"http:\/\/handles.com.tr\/en\/\",\"name\":\"Handles\",\"description\":\"Kap\u0131 Kollar\u0131 ve Aksesuarlar\u0131\",\"potentialAction\":[{\"@type\":\"SearchAction\",\"target\":{\"@type\":\"EntryPoint\",\"urlTemplate\":\"http:\/\/handles.com.tr\/en\/?s={search_term_string}\"},\"query-input\":\"required name=search_term_string\"}],\"inLanguage\":\"en-US\"}]}<\/script>\n<!-- \/ Yoast SEO Premium plugin. -->","yoast_head_json":{"title":"Teknoloji - Handles","robots":{"index":"index","follow":"follow","max-snippet":"max-snippet:-1","max-image-preview":"max-image-preview:large","max-video-preview":"max-video-preview:-1"},"canonical":"http:\/\/handles.com.tr\/en\/teknoloji\/","og_locale":"en_US","og_type":"article","og_title":"Teknoloji","og_description":"Teknoloji H\u0130JYEN, EJOLOJ\u0130, DAYANIKLILIK PVD Uzun \u00d6m\u00fcrl\u00fc Kaplama Teknolojisi Dayan\u0131kl\u0131l\u0131k, Kalite ve Estetik. En modern ve fonksiyonel \u00e7evrede dahi a\u015f\u0131nma ve y\u0131pranmaya kar\u015f\u0131 koyabilecek aksesuarlara gereksinim vard\u0131r. \u0130leri teknoloji + estetik + fonksiyon; bu \u00fc\u00e7 \u00f6zellik HANDLES\u2019\u0131n \u00fcr\u00fcnlerine uygulad\u0131\u011f\u0131 PVD (Physical Vapour Deposition \u2013 Fiziksel Buhar Depolamas\u0131) ile sizlere sunulmu\u015ftur. Kap\u0131 kolu, kap\u0131 babas\u0131, \u00e7ekme [&hellip;]","og_url":"http:\/\/handles.com.tr\/en\/teknoloji\/","og_site_name":"Handles","article_modified_time":"2022-09-29T17:51:39+00:00","og_image":[{"url":"http:\/\/handles.com.tr\/wp-content\/uploads\/2022\/09\/uretim-gorsel-768x1024.png"}],"twitter_card":"summary_large_image","twitter_misc":{"Est. reading time":"1 minute"},"schema":{"@context":"https:\/\/schema.org","@graph":[{"@type":"WebPage","@id":"http:\/\/handles.com.tr\/en\/teknoloji\/","url":"http:\/\/handles.com.tr\/en\/teknoloji\/","name":"Teknoloji - Handles","isPartOf":{"@id":"http:\/\/handles.com.tr\/en\/#website"},"datePublished":"2022-09-29T17:45:31+00:00","dateModified":"2022-09-29T17:51:39+00:00","breadcrumb":{"@id":"http:\/\/handles.com.tr\/en\/teknoloji\/#breadcrumb"},"inLanguage":"en-US","potentialAction":[{"@type":"ReadAction","target":["http:\/\/handles.com.tr\/en\/teknoloji\/"]}]},{"@type":"BreadcrumbList","@id":"http:\/\/handles.com.tr\/en\/teknoloji\/#breadcrumb","itemListElement":[{"@type":"ListItem","position":1,"name":"Anasayfa","item":"http:\/\/handles.com.tr\/en\/"},{"@type":"ListItem","position":2,"name":"Teknoloji"}]},{"@type":"WebSite","@id":"http:\/\/handles.com.tr\/en\/#website","url":"http:\/\/handles.com.tr\/en\/","name":"Handles","description":"Kap\u0131 Kollar\u0131 ve Aksesuarlar\u0131","potentialAction":[{"@type":"SearchAction","target":{"@type":"EntryPoint","urlTemplate":"http:\/\/handles.com.tr\/en\/?s={search_term_string}"},"query-input":"required name=search_term_string"}],"inLanguage":"en-US"}]}},"_links":{"self":[{"href":"http:\/\/handles.com.tr\/en\/wp-json\/wp\/v2\/pages\/3974"}],"collection":[{"href":"http:\/\/handles.com.tr\/en\/wp-json\/wp\/v2\/pages"}],"about":[{"href":"http:\/\/handles.com.tr\/en\/wp-json\/wp\/v2\/types\/page"}],"author":[{"embeddable":true,"href":"http:\/\/handles.com.tr\/en\/wp-json\/wp\/v2\/users\/3"}],"replies":[{"embeddable":true,"href":"http:\/\/handles.com.tr\/en\/wp-json\/wp\/v2\/comments?post=3974"}],"version-history":[{"count":7,"href":"http:\/\/handles.com.tr\/en\/wp-json\/wp\/v2\/pages\/3974\/revisions"}],"predecessor-version":[{"id":3982,"href":"http:\/\/handles.com.tr\/en\/wp-json\/wp\/v2\/pages\/3974\/revisions\/3982"}],"wp:attachment":[{"href":"http:\/\/handles.com.tr\/en\/wp-json\/wp\/v2\/media?parent=3974"}],"curies":[{"name":"wp","href":"https:\/\/api.w.org\/{rel}","templated":true}]}}