{"id":3966,"date":"2022-09-29T17:35:28","date_gmt":"2022-09-29T17:35:28","guid":{"rendered":"http:\/\/handles.com.tr\/?page_id=3966"},"modified":"2022-09-29T17:44:46","modified_gmt":"2022-09-29T17:44:46","slug":"toplam-kalite-yonetimi","status":"publish","type":"page","link":"http:\/\/handles.com.tr\/en\/toplam-kalite-yonetimi\/","title":{"rendered":"Total Quality Management"},"content":{"rendered":"<div data-elementor-type=\"wp-page\" data-elementor-id=\"3966\" class=\"elementor elementor-3966\">\n\t\t\t\t\t\t\t\t\t<section class=\"elementor-section elementor-top-section elementor-element elementor-element-0980b21 elementor-section-boxed elementor-section-height-default elementor-section-height-default\" data-id=\"0980b21\" data-element_type=\"section\">\n\t\t\t\t\t\t<div class=\"elementor-container elementor-column-gap-default\">\n\t\t\t\t\t<div class=\"elementor-column elementor-col-50 elementor-top-column elementor-element elementor-element-022b51e\" data-id=\"022b51e\" data-element_type=\"column\">\n\t\t\t<div class=\"elementor-widget-wrap elementor-element-populated\">\n\t\t\t\t\t\t\t\t<div class=\"elementor-element elementor-element-da67c90 elementor-widget elementor-widget-image\" data-id=\"da67c90\" data-element_type=\"widget\" data-widget_type=\"image.default\">\n\t\t\t\t<div class=\"elementor-widget-container\">\n\t\t\t<style>\/*! elementor - v3.7.7 - 20-09-2022 *\/\n.elementor-widget-image{text-align:center}.elementor-widget-image a{display:inline-block}.elementor-widget-image a img[src$=\".svg\"]{width:48px}.elementor-widget-image img{vertical-align:middle;display:inline-block}<\/style>\t\t\t\t\t\t\t\t\t\t\t\t\t<a href=\"http:\/\/handles.com.tr\/wp-content\/uploads\/2022\/09\/BELGELER1.png\" data-elementor-open-lightbox=\"yes\" data-elementor-lightbox-title=\"BELGELER1\" e-action-hash=\"#elementor-action%3Aaction%3Dlightbox%26settings%3DeyJpZCI6Mzc5MywidXJsIjoiaHR0cDpcL1wvaGFuZGxlcy5jb20udHJcL3dwLWNvbnRlbnRcL3VwbG9hZHNcLzIwMjJcLzA5XC9CRUxHRUxFUjEucG5nIn0%3D\">\n\t\t\t\t\t\t\t<img width=\"800\" height=\"500\" src=\"http:\/\/handles.com.tr\/wp-content\/uploads\/2022\/09\/BELGELER1-1024x640.png\" class=\"attachment-large size-large\" alt=\"\" loading=\"lazy\" srcset=\"http:\/\/handles.com.tr\/wp-content\/uploads\/2022\/09\/BELGELER1-1024x640.png 1024w, http:\/\/handles.com.tr\/wp-content\/uploads\/2022\/09\/BELGELER1-500x313.png 500w, http:\/\/handles.com.tr\/wp-content\/uploads\/2022\/09\/BELGELER1-700x438.png 700w, http:\/\/handles.com.tr\/wp-content\/uploads\/2022\/09\/BELGELER1-300x188.png 300w, http:\/\/handles.com.tr\/wp-content\/uploads\/2022\/09\/BELGELER1-768x480.png 768w, http:\/\/handles.com.tr\/wp-content\/uploads\/2022\/09\/BELGELER1-1536x960.png 1536w, http:\/\/handles.com.tr\/wp-content\/uploads\/2022\/09\/BELGELER1-2048x1280.png 2048w, http:\/\/handles.com.tr\/wp-content\/uploads\/2022\/09\/BELGELER1-200x125.png 200w, http:\/\/handles.com.tr\/wp-content\/uploads\/2022\/09\/BELGELER1-400x250.png 400w, http:\/\/handles.com.tr\/wp-content\/uploads\/2022\/09\/BELGELER1-600x375.png 600w, http:\/\/handles.com.tr\/wp-content\/uploads\/2022\/09\/BELGELER1-800x500.png 800w, http:\/\/handles.com.tr\/wp-content\/uploads\/2022\/09\/BELGELER1-1200x750.png 1200w\" sizes=\"(max-width: 800px) 100vw, 800px\" \/>\t\t\t\t\t\t\t\t<\/a>\n\t\t\t\t\t\t\t\t\t\t\t\t\t\t\t<\/div>\n\t\t\t\t<\/div>\n\t\t\t\t\t<\/div>\n\t\t<\/div>\n\t\t\t\t<div class=\"elementor-column elementor-col-50 elementor-top-column elementor-element elementor-element-caf15ad\" data-id=\"caf15ad\" data-element_type=\"column\">\n\t\t\t<div class=\"elementor-widget-wrap elementor-element-populated\">\n\t\t\t\t\t\t\t\t<div class=\"elementor-element elementor-element-0a07771 elementor-widget elementor-widget-heading\" data-id=\"0a07771\" data-element_type=\"widget\" data-widget_type=\"heading.default\">\n\t\t\t\t<div class=\"elementor-widget-container\">\n\t\t\t<style>\/*! elementor - v3.7.7 - 20-09-2022 *\/\n.elementor-heading-title{padding:0;margin:0;line-height:1}.elementor-widget-heading .elementor-heading-title[class*=elementor-size-]>a{color:inherit;font-size:inherit;line-height:inherit}.elementor-widget-heading .elementor-heading-title.elementor-size-small{font-size:15px}.elementor-widget-heading .elementor-heading-title.elementor-size-medium{font-size:19px}.elementor-widget-heading .elementor-heading-title.elementor-size-large{font-size:29px}.elementor-widget-heading .elementor-heading-title.elementor-size-xl{font-size:39px}.elementor-widget-heading .elementor-heading-title.elementor-size-xxl{font-size:59px}<\/style><h2 class=\"elementor-heading-title elementor-size-default\">Total Quality Management<\/h2>\t\t<\/div>\n\t\t\t\t<\/div>\n\t\t\t\t<div class=\"elementor-element elementor-element-2243437 elementor-widget elementor-widget-text-editor\" data-id=\"2243437\" data-element_type=\"widget\" data-widget_type=\"text-editor.default\">\n\t\t\t\t<div class=\"elementor-widget-container\">\n\t\t\t<style>\/*! elementor - v3.7.7 - 20-09-2022 *\/\n.elementor-widget-text-editor.elementor-drop-cap-view-stacked .elementor-drop-cap{background-color:#818a91;color:#fff}.elementor-widget-text-editor.elementor-drop-cap-view-framed .elementor-drop-cap{color:#818a91;border:3px solid;background-color:transparent}.elementor-widget-text-editor:not(.elementor-drop-cap-view-default) .elementor-drop-cap{margin-top:8px}.elementor-widget-text-editor:not(.elementor-drop-cap-view-default) .elementor-drop-cap-letter{width:1em;height:1em}.elementor-widget-text-editor .elementor-drop-cap{float:left;text-align:center;line-height:1;font-size:50px}.elementor-widget-text-editor .elementor-drop-cap-letter{display:inline-block}<\/style>\t\t\t\t<div class=\"fusion-title title fusion-title-5 fusion-sep-none fusion-title-text fusion-title-size-two\"><p class=\"title-heading-left fusion-responsive-typography-calculated\"><span style=\"font-size: 16px;\">Strong investment in production development, especially for quality, durability and unique surface coatings, has ensured the establishment of our reliable partnership relationship among our worldwide partners. HA-KAN Metal re-organized itself in line with \"Total Quality Management\" and was crowned with ISO:9001-2000 TUV-Certificate in 2004 to ensure the continuation of its reliable partnership.<\/span><\/p><\/div>\t\t\t\t\t\t<\/div>\n\t\t\t\t<\/div>\n\t\t\t\t\t<\/div>\n\t\t<\/div>\n\t\t\t\t\t\t\t<\/div>\n\t\t<\/section>\n\t\t\t\t\t\t\t<\/div>","protected":false},"excerpt":{"rendered":"<p>Toplam Kalite Y\u00f6netimi \u00d6zellikle kalite, dayan\u0131kl\u0131l\u0131k ve e\u015fsiz y\u00fczey kaplamalar\u0131 i\u00e7in g\u00fc\u00e7l\u00fc \u00fcretim geli\u015ftirme yat\u0131r\u0131mlar\u0131, d\u00fcnya \u00e7ap\u0131ndaki partnerlerimiz aras\u0131nda g\u00fcvenilir ortakl\u0131k ili\u015fkimizin kurulmas\u0131n\u0131 sa\u011flam\u0131\u015ft\u0131r. HA-KAN Metal kendini \u201cToplam Kalite Y\u00f6netimi\u201d do\u011frultusunda re-organize etmi\u015f ve g\u00fcvenilir partnerli\u011finin devam\u0131n\u0131n temini i\u00e7in de 2004 y\u0131l\u0131nda ISO:9001-2000 TUV-Sertifikas\u0131yla ta\u00e7lanm\u0131\u015ft\u0131r.<\/p>","protected":false},"author":3,"featured_media":0,"parent":0,"menu_order":0,"comment_status":"closed","ping_status":"closed","template":"","meta":{"_joinchat":[]},"yoast_head":"<!-- This site is optimized with the Yoast SEO Premium plugin v19.6 (Yoast SEO v19.12) - https:\/\/yoast.com\/wordpress\/plugins\/seo\/ -->\n<title>Toplam Kalite Y\u00f6netimi - Handles<\/title>\n<meta name=\"robots\" content=\"index, follow, max-snippet:-1, max-image-preview:large, max-video-preview:-1\" \/>\n<link rel=\"canonical\" href=\"http:\/\/handles.com.tr\/en\/toplam-kalite-yonetimi\/\" \/>\n<meta property=\"og:locale\" content=\"en_US\" \/>\n<meta property=\"og:type\" content=\"article\" \/>\n<meta property=\"og:title\" content=\"Toplam Kalite Y\u00f6netimi\" \/>\n<meta property=\"og:description\" content=\"Toplam Kalite Y\u00f6netimi \u00d6zellikle kalite, dayan\u0131kl\u0131l\u0131k ve e\u015fsiz y\u00fczey kaplamalar\u0131 i\u00e7in g\u00fc\u00e7l\u00fc \u00fcretim geli\u015ftirme yat\u0131r\u0131mlar\u0131, d\u00fcnya \u00e7ap\u0131ndaki partnerlerimiz aras\u0131nda g\u00fcvenilir ortakl\u0131k ili\u015fkimizin kurulmas\u0131n\u0131 sa\u011flam\u0131\u015ft\u0131r. HA-KAN Metal kendini \u201cToplam Kalite Y\u00f6netimi\u201d do\u011frultusunda re-organize etmi\u015f ve g\u00fcvenilir partnerli\u011finin devam\u0131n\u0131n temini i\u00e7in de 2004 y\u0131l\u0131nda ISO:9001-2000 TUV-Sertifikas\u0131yla ta\u00e7lanm\u0131\u015ft\u0131r.\" \/>\n<meta property=\"og:url\" content=\"http:\/\/handles.com.tr\/en\/toplam-kalite-yonetimi\/\" \/>\n<meta property=\"og:site_name\" content=\"Handles\" \/>\n<meta property=\"article:modified_time\" content=\"2022-09-29T17:44:46+00:00\" \/>\n<meta property=\"og:image\" content=\"http:\/\/handles.com.tr\/wp-content\/uploads\/2022\/09\/BELGELER1-1024x640.png\" \/>\n<meta name=\"twitter:card\" content=\"summary_large_image\" \/>\n<script type=\"application\/ld+json\" class=\"yoast-schema-graph\">{\"@context\":\"https:\/\/schema.org\",\"@graph\":[{\"@type\":\"WebPage\",\"@id\":\"http:\/\/handles.com.tr\/en\/toplam-kalite-yonetimi\/\",\"url\":\"http:\/\/handles.com.tr\/en\/toplam-kalite-yonetimi\/\",\"name\":\"Toplam Kalite Y\u00f6netimi - Handles\",\"isPartOf\":{\"@id\":\"http:\/\/handles.com.tr\/en\/#website\"},\"datePublished\":\"2022-09-29T17:35:28+00:00\",\"dateModified\":\"2022-09-29T17:44:46+00:00\",\"breadcrumb\":{\"@id\":\"http:\/\/handles.com.tr\/en\/toplam-kalite-yonetimi\/#breadcrumb\"},\"inLanguage\":\"en-US\",\"potentialAction\":[{\"@type\":\"ReadAction\",\"target\":[\"http:\/\/handles.com.tr\/en\/toplam-kalite-yonetimi\/\"]}]},{\"@type\":\"BreadcrumbList\",\"@id\":\"http:\/\/handles.com.tr\/en\/toplam-kalite-yonetimi\/#breadcrumb\",\"itemListElement\":[{\"@type\":\"ListItem\",\"position\":1,\"name\":\"Anasayfa\",\"item\":\"http:\/\/handles.com.tr\/en\/\"},{\"@type\":\"ListItem\",\"position\":2,\"name\":\"Toplam Kalite Y\u00f6netimi\"}]},{\"@type\":\"WebSite\",\"@id\":\"http:\/\/handles.com.tr\/en\/#website\",\"url\":\"http:\/\/handles.com.tr\/en\/\",\"name\":\"Handles\",\"description\":\"Kap\u0131 Kollar\u0131 ve Aksesuarlar\u0131\",\"potentialAction\":[{\"@type\":\"SearchAction\",\"target\":{\"@type\":\"EntryPoint\",\"urlTemplate\":\"http:\/\/handles.com.tr\/en\/?s={search_term_string}\"},\"query-input\":\"required name=search_term_string\"}],\"inLanguage\":\"en-US\"}]}<\/script>\n<!-- \/ Yoast SEO Premium plugin. -->","yoast_head_json":{"title":"Toplam Kalite Y\u00f6netimi - Handles","robots":{"index":"index","follow":"follow","max-snippet":"max-snippet:-1","max-image-preview":"max-image-preview:large","max-video-preview":"max-video-preview:-1"},"canonical":"http:\/\/handles.com.tr\/en\/toplam-kalite-yonetimi\/","og_locale":"en_US","og_type":"article","og_title":"Toplam Kalite Y\u00f6netimi","og_description":"Toplam Kalite Y\u00f6netimi \u00d6zellikle kalite, dayan\u0131kl\u0131l\u0131k ve e\u015fsiz y\u00fczey kaplamalar\u0131 i\u00e7in g\u00fc\u00e7l\u00fc \u00fcretim geli\u015ftirme yat\u0131r\u0131mlar\u0131, d\u00fcnya \u00e7ap\u0131ndaki partnerlerimiz aras\u0131nda g\u00fcvenilir ortakl\u0131k ili\u015fkimizin kurulmas\u0131n\u0131 sa\u011flam\u0131\u015ft\u0131r. HA-KAN Metal kendini \u201cToplam Kalite Y\u00f6netimi\u201d do\u011frultusunda re-organize etmi\u015f ve g\u00fcvenilir partnerli\u011finin devam\u0131n\u0131n temini i\u00e7in de 2004 y\u0131l\u0131nda ISO:9001-2000 TUV-Sertifikas\u0131yla ta\u00e7lanm\u0131\u015ft\u0131r.","og_url":"http:\/\/handles.com.tr\/en\/toplam-kalite-yonetimi\/","og_site_name":"Handles","article_modified_time":"2022-09-29T17:44:46+00:00","og_image":[{"url":"http:\/\/handles.com.tr\/wp-content\/uploads\/2022\/09\/BELGELER1-1024x640.png"}],"twitter_card":"summary_large_image","schema":{"@context":"https:\/\/schema.org","@graph":[{"@type":"WebPage","@id":"http:\/\/handles.com.tr\/en\/toplam-kalite-yonetimi\/","url":"http:\/\/handles.com.tr\/en\/toplam-kalite-yonetimi\/","name":"Toplam Kalite Y\u00f6netimi - Handles","isPartOf":{"@id":"http:\/\/handles.com.tr\/en\/#website"},"datePublished":"2022-09-29T17:35:28+00:00","dateModified":"2022-09-29T17:44:46+00:00","breadcrumb":{"@id":"http:\/\/handles.com.tr\/en\/toplam-kalite-yonetimi\/#breadcrumb"},"inLanguage":"en-US","potentialAction":[{"@type":"ReadAction","target":["http:\/\/handles.com.tr\/en\/toplam-kalite-yonetimi\/"]}]},{"@type":"BreadcrumbList","@id":"http:\/\/handles.com.tr\/en\/toplam-kalite-yonetimi\/#breadcrumb","itemListElement":[{"@type":"ListItem","position":1,"name":"Anasayfa","item":"http:\/\/handles.com.tr\/en\/"},{"@type":"ListItem","position":2,"name":"Toplam Kalite Y\u00f6netimi"}]},{"@type":"WebSite","@id":"http:\/\/handles.com.tr\/en\/#website","url":"http:\/\/handles.com.tr\/en\/","name":"Handles","description":"Kap\u0131 Kollar\u0131 ve Aksesuarlar\u0131","potentialAction":[{"@type":"SearchAction","target":{"@type":"EntryPoint","urlTemplate":"http:\/\/handles.com.tr\/en\/?s={search_term_string}"},"query-input":"required name=search_term_string"}],"inLanguage":"en-US"}]}},"_links":{"self":[{"href":"http:\/\/handles.com.tr\/en\/wp-json\/wp\/v2\/pages\/3966"}],"collection":[{"href":"http:\/\/handles.com.tr\/en\/wp-json\/wp\/v2\/pages"}],"about":[{"href":"http:\/\/handles.com.tr\/en\/wp-json\/wp\/v2\/types\/page"}],"author":[{"embeddable":true,"href":"http:\/\/handles.com.tr\/en\/wp-json\/wp\/v2\/users\/3"}],"replies":[{"embeddable":true,"href":"http:\/\/handles.com.tr\/en\/wp-json\/wp\/v2\/comments?post=3966"}],"version-history":[{"count":7,"href":"http:\/\/handles.com.tr\/en\/wp-json\/wp\/v2\/pages\/3966\/revisions"}],"predecessor-version":[{"id":3973,"href":"http:\/\/handles.com.tr\/en\/wp-json\/wp\/v2\/pages\/3966\/revisions\/3973"}],"wp:attachment":[{"href":"http:\/\/handles.com.tr\/en\/wp-json\/wp\/v2\/media?parent=3966"}],"curies":[{"name":"wp","href":"https:\/\/api.w.org\/{rel}","templated":true}]}}