{"id":3809,"date":"2022-09-15T10:09:12","date_gmt":"2022-09-15T10:09:12","guid":{"rendered":"http:\/\/handles.com.tr\/?page_id=3809"},"modified":"2022-10-04T22:41:05","modified_gmt":"2022-10-04T22:41:05","slug":"urunlerimiz","status":"publish","type":"page","link":"http:\/\/handles.com.tr\/en\/urunlerimiz\/","title":{"rendered":"PRODUCTS"},"content":{"rendered":"<div data-elementor-type=\"wp-page\" data-elementor-id=\"3809\" class=\"elementor elementor-3809\">\n\t\t\t\t\t\t\t\t\t<section class=\"elementor-section elementor-top-section elementor-element elementor-element-401e2bb3 elementor-section-boxed elementor-section-height-default elementor-section-height-default\" data-id=\"401e2bb3\" data-element_type=\"section\">\n\t\t\t\t\t\t<div class=\"elementor-container elementor-column-gap-default\">\n\t\t\t\t\t<div class=\"elementor-column elementor-col-100 elementor-top-column elementor-element elementor-element-6b060644\" data-id=\"6b060644\" data-element_type=\"column\">\n\t\t\t<div class=\"elementor-widget-wrap elementor-element-populated\">\n\t\t\t\t\t\t\t\t<div class=\"elementor-element elementor-element-1012b93d elementor-widget elementor-widget-bdt-advanced-heading\" data-id=\"1012b93d\" data-element_type=\"widget\" data-widget_type=\"bdt-advanced-heading.default\">\n\t\t\t\t<div class=\"elementor-widget-container\">\n\t\t\t<div id =\"1012b93d\" class=\"bdt-ep-advanced-heading\" data-settings=\"{&quot;titleMultiColor&quot;:&quot;no&quot;}\"><h2 class=\"bdt-ep-advanced-heading-title\"><span class=\"bdt-ep-advanced-heading-main-title\"><span class=\"bdt-ep-advanced-heading-main-title-inner\">Our Products<\/span><\/span><\/h2><\/div>\t\t<\/div>\n\t\t\t\t<\/div>\n\t\t\t\t<section class=\"elementor-section elementor-inner-section elementor-element elementor-element-2220f3c6 elementor-section-boxed elementor-section-height-default elementor-section-height-default\" data-id=\"2220f3c6\" data-element_type=\"section\">\n\t\t\t\t\t\t<div class=\"elementor-container elementor-column-gap-default\">\n\t\t\t\t\t<div data-ha-element-link=\"{&quot;url&quot;:&quot;#elementor-action%3Aaction%3Dpopup%3Aopen%26settings%3DeyJpZCI6IjQzMDYiLCJ0b2dnbGUiOmZhbHNlfQ%3D%3D&quot;,&quot;is_external&quot;:&quot;&quot;,&quot;nofollow&quot;:&quot;&quot;,&quot;custom_attributes&quot;:&quot;&quot;}\" style=\"cursor: pointer\" class=\"elementor-column elementor-col-33 elementor-inner-column elementor-element elementor-element-6577c2ed\" data-id=\"6577c2ed\" data-element_type=\"column\">\n\t\t\t<div class=\"elementor-widget-wrap elementor-element-populated\">\n\t\t\t\t\t\t\t\t<div class=\"elementor-element elementor-element-5f288c84 bdt-icon-type-image elementor-position-top bdt-icon-effect-none elementor-widget elementor-widget-bdt-advanced-icon-box\" data-id=\"5f288c84\" data-element_type=\"widget\" data-widget_type=\"bdt-advanced-icon-box.default\">\n\t\t\t\t<div class=\"elementor-widget-container\">\n\t\t\t\t\t<div class=\"bdt-ep-advanced-icon-box\">\n\n\t\t\t\t\t\t\t\n\t\t\t\t\t\t\t<div class=\"bdt-ep-advanced-icon-box-icon\">\n\t\t\t\t\t<span class=\"bdt-ep-advanced-icon-box-icon-wrap\">\n\n\n\t\t\t\t\t\t\t\t\t\t\t\t\t<img src=\"http:\/\/handles.com.tr\/wp-content\/uploads\/2022\/10\/Untitled-5.png\" alt=\"Kap\u0131 Kollar\u0131\">\n\t\t\t\t\t\t\t\t\t\t\t<\/span>\n\t\t\t\t<\/div>\n\t\t\t\n\t\t\t\t\t\n\t\t\t<div class=\"bdt-ep-advanced-icon-box-content\">\n\n\t\t\t\t\t\t\t\t\t\n\t\t\t\t<h3 class=\"bdt-ep-advanced-icon-box-title\">\n\t\t\t\t<span >\n\t\t\t\t\tDoor Handles\t\t\t\t<\/span>\n\t\t\t<\/h3>\n\t\t\n\n\t\t\n\t\t\t\t\t\t\n\t\t\t\t\n\t\t\t\t\n\t\t\t\t\t\t\t\t\t<a class=\"bdt-ep-advanced-icon-box-readmore bdt-display-inline-block\">\n\t\t\t\t\t\t\n\t\t\t\t\t\t\t\t\t\t\t<\/a>\n\t\t\t\t\t\t\t<\/div>\n\t\t<\/div>\n\n\t\t\n\t\t\n\t\t\t\t<\/div>\n\t\t\t\t<\/div>\n\t\t\t\t\t<\/div>\n\t\t<\/div>\n\t\t\t\t<div class=\"elementor-column elementor-col-33 elementor-inner-column elementor-element elementor-element-72922788\" data-id=\"72922788\" data-element_type=\"column\">\n\t\t\t<div class=\"elementor-widget-wrap elementor-element-populated\">\n\t\t\t\t\t\t\t\t<div class=\"elementor-element elementor-element-46191dc1 bdt-icon-type-image elementor-position-top bdt-icon-effect-none elementor-widget elementor-widget-bdt-advanced-icon-box\" data-id=\"46191dc1\" data-element_type=\"widget\" data-widget_type=\"bdt-advanced-icon-box.default\">\n\t\t\t\t<div class=\"elementor-widget-container\">\n\t\t\t\t\t<div class=\"bdt-ep-advanced-icon-box\">\n\n\t\t\t\t\t\t\t\n\t\t\t\t\t\t\t<div class=\"bdt-ep-advanced-icon-box-icon\">\n\t\t\t\t\t<span class=\"bdt-ep-advanced-icon-box-icon-wrap\">\n\n\n\t\t\t\t\t\t\t\t\t\t\t\t\t<img src=\"http:\/\/handles.com.tr\/wp-content\/uploads\/2022\/10\/mentese-1.png\" alt=\"Kilitler ve Mente\u015feler\">\n\t\t\t\t\t\t\t\t\t\t\t<\/span>\n\t\t\t\t<\/div>\n\t\t\t\n\t\t\t\t\t\n\t\t\t<div class=\"bdt-ep-advanced-icon-box-content\">\n\n\t\t\t\t\t\t\t\t\t\n\t\t\t\t<h3 class=\"bdt-ep-advanced-icon-box-title\">\n\t\t\t\t<span >\n\t\t\t\t\tLocks and Hinges\t\t\t\t<\/span>\n\t\t\t<\/h3>\n\t\t\n\n\t\t\n\t\t\t\t\t\t\n\t\t\t\t\n\t\t\t\t\n\t\t\t\t\t\t\t\t\t<a class=\"bdt-ep-advanced-icon-box-readmore bdt-display-inline-block\">\n\t\t\t\t\t\t\n\t\t\t\t\t\t\t\t\t\t\t<\/a>\n\t\t\t\t\t\t\t<\/div>\n\t\t<\/div>\n\n\t\t\n\t\t\n\t\t\t\t<\/div>\n\t\t\t\t<\/div>\n\t\t\t\t\t<\/div>\n\t\t<\/div>\n\t\t\t\t<div class=\"elementor-column elementor-col-33 elementor-inner-column elementor-element elementor-element-25c13061\" data-id=\"25c13061\" data-element_type=\"column\">\n\t\t\t<div class=\"elementor-widget-wrap elementor-element-populated\">\n\t\t\t\t\t\t\t\t<div class=\"elementor-element elementor-element-41f9c19c bdt-icon-type-image elementor-position-top bdt-icon-effect-none elementor-widget elementor-widget-bdt-advanced-icon-box\" data-id=\"41f9c19c\" data-element_type=\"widget\" data-widget_type=\"bdt-advanced-icon-box.default\">\n\t\t\t\t<div class=\"elementor-widget-container\">\n\t\t\t\t\t<div class=\"bdt-ep-advanced-icon-box\">\n\n\t\t\t\t\t\t\t\n\t\t\t\t\t\t\t<div class=\"bdt-ep-advanced-icon-box-icon\">\n\t\t\t\t\t<span class=\"bdt-ep-advanced-icon-box-icon-wrap\">\n\n\n\t\t\t\t\t\t\t\t\t\t\t\t\t<img src=\"http:\/\/handles.com.tr\/wp-content\/uploads\/2022\/10\/aksesuar-ve-yedek-parcalar.png\" alt=\"Aksesuar ve Yedek Par\u00e7a\">\n\t\t\t\t\t\t\t\t\t\t\t<\/span>\n\t\t\t\t<\/div>\n\t\t\t\n\t\t\t\t\t\n\t\t\t<div class=\"bdt-ep-advanced-icon-box-content\">\n\n\t\t\t\t\t\t\t\t\t\n\t\t\t\t<h3 class=\"bdt-ep-advanced-icon-box-title\">\n\t\t\t\t<span >\n\t\t\t\t\tAccessories and Spare Parts\t\t\t\t<\/span>\n\t\t\t<\/h3>\n\t\t\n\n\t\t\n\t\t\t\t\t\t\n\t\t\t\t\n\t\t\t\t\n\t\t\t\t\t\t\t\t\t<a class=\"bdt-ep-advanced-icon-box-readmore bdt-display-inline-block\">\n\t\t\t\t\t\t\n\t\t\t\t\t\t\t\t\t\t\t<\/a>\n\t\t\t\t\t\t\t<\/div>\n\t\t<\/div>\n\n\t\t\n\t\t\n\t\t\t\t<\/div>\n\t\t\t\t<\/div>\n\t\t\t\t\t<\/div>\n\t\t<\/div>\n\t\t\t\t\t\t\t<\/div>\n\t\t<\/section>\n\t\t\t\t<section class=\"elementor-section elementor-inner-section elementor-element elementor-element-1e5edb07 elementor-section-boxed elementor-section-height-default elementor-section-height-default\" data-id=\"1e5edb07\" data-element_type=\"section\">\n\t\t\t\t\t\t<div class=\"elementor-container elementor-column-gap-default\">\n\t\t\t\t\t<div class=\"elementor-column elementor-col-100 elementor-inner-column elementor-element elementor-element-6af173b2\" data-id=\"6af173b2\" data-element_type=\"column\">\n\t\t\t<div class=\"elementor-widget-wrap elementor-element-populated\">\n\t\t\t\t\t\t\t\t<div class=\"elementor-element elementor-element-64a583b0 elementor-align-center elementor-widget elementor-widget-bdt-advanced-button\" data-id=\"64a583b0\" data-element_type=\"widget\" data-widget_type=\"bdt-advanced-button.default\">\n\t\t\t\t<div class=\"elementor-widget-container\">\n\t\t\t\t\t<div class=\"bdt-ep-button-wrapper\">\n\t\t\t<a href=\"http:\/\/handles.com.tr\/wp-content\/uploads\/2022\/10\/HANDLES-KATALOG-guncel.pdf\" target=\"_blank\" class=\"bdt-ep-button bdt-ep-button-effect-c bdt-ep-button-size-xl\">\n\t\t\t\t\t\t<div class=\"bdt-ep-button-content-wrapper bdt-flex bdt-flex-middle bdt-flex-center\" data-text=\"T\u00fcm \u00dcr\u00fcnler ve \u00dcr\u00fcn Katalo\u011funu \u0130ncelemek \u0130\u00e7in L\u00fctfen T\u0131klay\u0131n\u0131z.\">\n\t\t\t\n\t\t\t<div class=\"bdt-ep-button-text\">\n\n                <span class=\"avdbtn-text\">Please Click to View All Products and Product Catalogue.<\/span>\n\n\t\t\t\t            <\/div>\n\n\t\t\t\n\t\t<\/div>\n\t\t\t\t\t<\/a>\n\t\t<\/div>\n\t\t\t\t<\/div>\n\t\t\t\t<\/div>\n\t\t\t\t\t<\/div>\n\t\t<\/div>\n\t\t\t\t\t\t\t<\/div>\n\t\t<\/section>\n\t\t\t\t\t<\/div>\n\t\t<\/div>\n\t\t\t\t\t\t\t<\/div>\n\t\t<\/section>\n\t\t\t\t\t\t\t<\/div>","protected":false},"excerpt":{"rendered":"<p>\u00dcr\u00fcnlerimiz Kap\u0131 Kollar\u0131 Kilitler ve Mente\u015feler Aksesuar ve Yedek Par\u00e7a T\u00fcm \u00dcr\u00fcnler ve \u00dcr\u00fcn Katalo\u011funu \u0130ncelemek \u0130\u00e7in L\u00fctfen T\u0131klay\u0131n\u0131z.<\/p>","protected":false},"author":1,"featured_media":0,"parent":0,"menu_order":0,"comment_status":"closed","ping_status":"closed","template":"","meta":{"_joinchat":[]},"yoast_head":"<!-- This site is optimized with the Yoast SEO Premium plugin v19.6 (Yoast SEO v19.12) - https:\/\/yoast.com\/wordpress\/plugins\/seo\/ -->\n<title>\u00dcR\u00dcNLER\u0130M\u0130Z - Handles<\/title>\n<meta name=\"robots\" content=\"index, follow, max-snippet:-1, max-image-preview:large, max-video-preview:-1\" \/>\n<link rel=\"canonical\" href=\"http:\/\/handles.com.tr\/en\/urunlerimiz\/\" \/>\n<meta property=\"og:locale\" content=\"en_US\" \/>\n<meta property=\"og:type\" content=\"article\" \/>\n<meta property=\"og:title\" content=\"\u00dcR\u00dcNLER\u0130M\u0130Z\" \/>\n<meta property=\"og:description\" content=\"\u00dcr\u00fcnlerimiz Kap\u0131 Kollar\u0131 Kilitler ve Mente\u015feler Aksesuar ve Yedek Par\u00e7a T\u00fcm \u00dcr\u00fcnler ve \u00dcr\u00fcn Katalo\u011funu \u0130ncelemek \u0130\u00e7in L\u00fctfen T\u0131klay\u0131n\u0131z.\" \/>\n<meta property=\"og:url\" content=\"http:\/\/handles.com.tr\/en\/urunlerimiz\/\" \/>\n<meta property=\"og:site_name\" content=\"Handles\" \/>\n<meta property=\"article:modified_time\" content=\"2022-10-04T22:41:05+00:00\" \/>\n<meta property=\"og:image\" content=\"http:\/\/handles.com.tr\/wp-content\/uploads\/2022\/10\/Untitled-5.png\" \/>\n<meta name=\"twitter:card\" content=\"summary_large_image\" \/>\n<script type=\"application\/ld+json\" class=\"yoast-schema-graph\">{\"@context\":\"https:\/\/schema.org\",\"@graph\":[{\"@type\":\"WebPage\",\"@id\":\"http:\/\/handles.com.tr\/en\/urunlerimiz\/\",\"url\":\"http:\/\/handles.com.tr\/en\/urunlerimiz\/\",\"name\":\"\u00dcR\u00dcNLER\u0130M\u0130Z - Handles\",\"isPartOf\":{\"@id\":\"http:\/\/handles.com.tr\/en\/#website\"},\"datePublished\":\"2022-09-15T10:09:12+00:00\",\"dateModified\":\"2022-10-04T22:41:05+00:00\",\"breadcrumb\":{\"@id\":\"http:\/\/handles.com.tr\/en\/urunlerimiz\/#breadcrumb\"},\"inLanguage\":\"en-US\",\"potentialAction\":[{\"@type\":\"ReadAction\",\"target\":[\"http:\/\/handles.com.tr\/en\/urunlerimiz\/\"]}]},{\"@type\":\"BreadcrumbList\",\"@id\":\"http:\/\/handles.com.tr\/en\/urunlerimiz\/#breadcrumb\",\"itemListElement\":[{\"@type\":\"ListItem\",\"position\":1,\"name\":\"Anasayfa\",\"item\":\"http:\/\/handles.com.tr\/en\/\"},{\"@type\":\"ListItem\",\"position\":2,\"name\":\"\u00dcR\u00dcNLER\u0130M\u0130Z\"}]},{\"@type\":\"WebSite\",\"@id\":\"http:\/\/handles.com.tr\/en\/#website\",\"url\":\"http:\/\/handles.com.tr\/en\/\",\"name\":\"Handles\",\"description\":\"Kap\u0131 Kollar\u0131 ve Aksesuarlar\u0131\",\"potentialAction\":[{\"@type\":\"SearchAction\",\"target\":{\"@type\":\"EntryPoint\",\"urlTemplate\":\"http:\/\/handles.com.tr\/en\/?s={search_term_string}\"},\"query-input\":\"required name=search_term_string\"}],\"inLanguage\":\"en-US\"}]}<\/script>\n<!-- \/ Yoast SEO Premium plugin. -->","yoast_head_json":{"title":"\u00dcR\u00dcNLER\u0130M\u0130Z - Handles","robots":{"index":"index","follow":"follow","max-snippet":"max-snippet:-1","max-image-preview":"max-image-preview:large","max-video-preview":"max-video-preview:-1"},"canonical":"http:\/\/handles.com.tr\/en\/urunlerimiz\/","og_locale":"en_US","og_type":"article","og_title":"\u00dcR\u00dcNLER\u0130M\u0130Z","og_description":"\u00dcr\u00fcnlerimiz Kap\u0131 Kollar\u0131 Kilitler ve Mente\u015feler Aksesuar ve Yedek Par\u00e7a T\u00fcm \u00dcr\u00fcnler ve \u00dcr\u00fcn Katalo\u011funu \u0130ncelemek \u0130\u00e7in L\u00fctfen T\u0131klay\u0131n\u0131z.","og_url":"http:\/\/handles.com.tr\/en\/urunlerimiz\/","og_site_name":"Handles","article_modified_time":"2022-10-04T22:41:05+00:00","og_image":[{"url":"http:\/\/handles.com.tr\/wp-content\/uploads\/2022\/10\/Untitled-5.png"}],"twitter_card":"summary_large_image","schema":{"@context":"https:\/\/schema.org","@graph":[{"@type":"WebPage","@id":"http:\/\/handles.com.tr\/en\/urunlerimiz\/","url":"http:\/\/handles.com.tr\/en\/urunlerimiz\/","name":"\u00dcR\u00dcNLER\u0130M\u0130Z - Handles","isPartOf":{"@id":"http:\/\/handles.com.tr\/en\/#website"},"datePublished":"2022-09-15T10:09:12+00:00","dateModified":"2022-10-04T22:41:05+00:00","breadcrumb":{"@id":"http:\/\/handles.com.tr\/en\/urunlerimiz\/#breadcrumb"},"inLanguage":"en-US","potentialAction":[{"@type":"ReadAction","target":["http:\/\/handles.com.tr\/en\/urunlerimiz\/"]}]},{"@type":"BreadcrumbList","@id":"http:\/\/handles.com.tr\/en\/urunlerimiz\/#breadcrumb","itemListElement":[{"@type":"ListItem","position":1,"name":"Anasayfa","item":"http:\/\/handles.com.tr\/en\/"},{"@type":"ListItem","position":2,"name":"\u00dcR\u00dcNLER\u0130M\u0130Z"}]},{"@type":"WebSite","@id":"http:\/\/handles.com.tr\/en\/#website","url":"http:\/\/handles.com.tr\/en\/","name":"Handles","description":"Kap\u0131 Kollar\u0131 ve Aksesuarlar\u0131","potentialAction":[{"@type":"SearchAction","target":{"@type":"EntryPoint","urlTemplate":"http:\/\/handles.com.tr\/en\/?s={search_term_string}"},"query-input":"required name=search_term_string"}],"inLanguage":"en-US"}]}},"_links":{"self":[{"href":"http:\/\/handles.com.tr\/en\/wp-json\/wp\/v2\/pages\/3809"}],"collection":[{"href":"http:\/\/handles.com.tr\/en\/wp-json\/wp\/v2\/pages"}],"about":[{"href":"http:\/\/handles.com.tr\/en\/wp-json\/wp\/v2\/types\/page"}],"author":[{"embeddable":true,"href":"http:\/\/handles.com.tr\/en\/wp-json\/wp\/v2\/users\/1"}],"replies":[{"embeddable":true,"href":"http:\/\/handles.com.tr\/en\/wp-json\/wp\/v2\/comments?post=3809"}],"version-history":[{"count":12,"href":"http:\/\/handles.com.tr\/en\/wp-json\/wp\/v2\/pages\/3809\/revisions"}],"predecessor-version":[{"id":4326,"href":"http:\/\/handles.com.tr\/en\/wp-json\/wp\/v2\/pages\/3809\/revisions\/4326"}],"wp:attachment":[{"href":"http:\/\/handles.com.tr\/en\/wp-json\/wp\/v2\/media?parent=3809"}],"curies":[{"name":"wp","href":"https:\/\/api.w.org\/{rel}","templated":true}]}}