{"id":3037,"date":"2020-01-06T15:35:33","date_gmt":"2020-01-06T15:35:33","guid":{"rendered":"http:\/\/handles.com.tr\/?page_id=19"},"modified":"2022-09-05T13:46:55","modified_gmt":"2022-09-05T13:46:55","slug":"uretim","status":"publish","type":"page","link":"http:\/\/handles.com.tr\/en\/uretim\/","title":{"rendered":"PRODUCTION"},"content":{"rendered":"<p>[fusion_builder_container type=&#8221;flex&#8221; hundred_percent=&#8221;no&#8221; hundred_percent_height=&#8221;no&#8221; hundred_percent_height_scroll=&#8221;no&#8221; align_content=&#8221;stretch&#8221; flex_align_items=&#8221;flex-start&#8221; flex_justify_content=&#8221;flex-start&#8221; hundred_percent_height_center_content=&#8221;yes&#8221; equal_height_columns=&#8221;no&#8221; container_tag=&#8221;div&#8221; hide_on_mobile=&#8221;small-visibility,medium-visibility,large-visibility&#8221; status=&#8221;published&#8221; border_style=&#8221;solid&#8221; box_shadow=&#8221;no&#8221; box_shadow_blur=&#8221;0&#8243; box_shadow_spread=&#8221;0&#8243; gradient_start_position=&#8221;0&#8243; gradient_end_position=&#8221;100&#8243; gradient_type=&#8221;linear&#8221; radial_direction=&#8221;center center&#8221; linear_angle=&#8221;180&#8243; background_position=&#8221;center center&#8221; background_repeat=&#8221;no-repeat&#8221; fade=&#8221;no&#8221; background_parallax=&#8221;none&#8221; enable_mobile=&#8221;no&#8221; parallax_speed=&#8221;0.3&#8243; background_blend_mode=&#8221;none&#8221; video_aspect_ratio=&#8221;16:9&#8243; video_loop=&#8221;yes&#8221; video_mute=&#8221;yes&#8221; absolute=&#8221;off&#8221; absolute_devices=&#8221;small,medium,large&#8221; sticky=&#8221;off&#8221; sticky_devices=&#8221;small-visibility,medium-visibility,large-visibility&#8221; sticky_transition_offset=&#8221;0&#8243; scroll_offset=&#8221;0&#8243; animation_direction=&#8221;left&#8221; animation_speed=&#8221;0.3&#8243; filter_hue=&#8221;0&#8243; filter_saturation=&#8221;100&#8243; filter_brightness=&#8221;100&#8243; filter_contrast=&#8221;100&#8243; filter_invert=&#8221;0&#8243; filter_sepia=&#8221;0&#8243; filter_opacity=&#8221;100&#8243; filter_blur=&#8221;0&#8243; filter_hue_hover=&#8221;0&#8243; filter_saturation_hover=&#8221;100&#8243; filter_brightness_hover=&#8221;100&#8243; filter_contrast_hover=&#8221;100&#8243; filter_invert_hover=&#8221;0&#8243; filter_sepia_hover=&#8221;0&#8243; filter_opacity_hover=&#8221;100&#8243; filter_blur_hover=&#8221;0&#8243;][fusion_builder_row][fusion_builder_column type=&#8221;1_3&#8243; type=&#8221;1_3&#8243; align_self=&#8221;auto&#8221; content_layout=&#8221;column&#8221; align_content=&#8221;flex-start&#8221; valign_content=&#8221;flex-start&#8221; content_wrap=&#8221;wrap&#8221; center_content=&#8221;no&#8221; column_tag=&#8221;div&#8221; target=&#8221;_self&#8221; hide_on_mobile=&#8221;small-visibility,medium-visibility,large-visibility&#8221; sticky_display=&#8221;normal,sticky&#8221; order_medium=&#8221;0&#8243; order_small=&#8221;0&#8243; hover_type=&#8221;none&#8221; border_style=&#8221;solid&#8221; box_shadow=&#8221;no&#8221; box_shadow_blur=&#8221;0&#8243; box_shadow_spread=&#8221;0&#8243; background_type=&#8221;single&#8221; gradient_start_position=&#8221;0&#8243; gradient_end_position=&#8221;100&#8243; gradient_type=&#8221;linear&#8221; radial_direction=&#8221;center center&#8221; linear_angle=&#8221;180&#8243; lazy_load=&#8221;avada&#8221; background_position=&#8221;left top&#8221; background_repeat=&#8221;no-repeat&#8221; background_blend_mode=&#8221;none&#8221; filter_type=&#8221;regular&#8221; filter_hue=&#8221;0&#8243; filter_saturation=&#8221;100&#8243; filter_brightness=&#8221;100&#8243; filter_contrast=&#8221;100&#8243; filter_invert=&#8221;0&#8243; filter_sepia=&#8221;0&#8243; filter_opacity=&#8221;100&#8243; filter_blur=&#8221;0&#8243; filter_hue_hover=&#8221;0&#8243; filter_saturation_hover=&#8221;100&#8243; filter_brightness_hover=&#8221;100&#8243; filter_contrast_hover=&#8221;100&#8243; filter_invert_hover=&#8221;0&#8243; filter_sepia_hover=&#8221;0&#8243; filter_opacity_hover=&#8221;100&#8243; filter_blur_hover=&#8221;0&#8243; animation_direction=&#8221;left&#8221; animation_speed=&#8221;0.3&#8243; last=&#8221;no&#8221; border_position=&#8221;all&#8221; spacing_right=&#8221;0%&#8221; spacing_left=&#8221;0%&#8221; padding_right=&#8221;0px&#8221; margin_bottom=&#8221;0px&#8221; padding_bottom=&#8221;40px&#8221; padding_left=&#8221;0px&#8221; min_height=&#8221;&#8221; link=&#8221;&#8221;][fusion_text columns=&#8221;1&#8243; rule_size=&#8221;1&#8243; animation_direction=&#8221;left&#8221; animation_speed=&#8221;0.3&#8243; hide_on_mobile=&#8221;small-visibility,medium-visibility,large-visibility&#8221; sticky_display=&#8221;normal,sticky&#8221; rule_color=&#8221;#e1f5e3&#8243; fusion_font_family_text_font=&#8221;Cardo&#8221; font_size=&#8221;18px&#8221; line_height=&#8221;1.72em&#8221; margin_top=&#8221;20px&#8221; margin_bottom=&#8221;20px&#8221; text_color=&#8221;#19052e&#8221; margin_right=&#8221;20px&#8221; margin_left=&#8221;20px&#8221; fusion_font_variant_text_font=&#8221;400&#8243; letter_spacing=&#8221;var(&#8211;awb-typography4-letter-spacing)&#8221; text_transform=&#8221;var(&#8211;awb-typography4-text-transform)&#8221; rule_style=&#8221;solid&#8221; column_spacing=&#8221;60px&#8221;]<\/p>\n<p><span style=\"vertical-align: inherit;\"><span style=\"vertical-align: inherit;\">[fusion_dropcap color=&#8221;#edc657&#8243; text_color=&#8221;&#8221; boxed=&#8221;no&#8221; boxed_radius=&#8221;&#8221; class=&#8221;&#8221; id=&#8221;&#8221;]D[\/fusion_dropcap]<\/span><\/span>ayan\u0131kl\u0131l\u0131k, Kalite ve Estetik. En modern ve fonksiyonel \u00e7evrede dahi a\u015f\u0131nma ve y\u0131pranmaya kar\u015f\u0131 koyabilecek aksesuarlara gereksinim vard\u0131r. <\/p>\n<p>Durability, Quality and Aesthetics. Even the most modern and functional environments require accessories that can withstand wear and tear.<\/p>\n<p>This masterpiece coating applied to door handles, door bollards, pull handles and accessories provides protection against adverse atmospheric conditions and abrasions such as sunlight, humidity and offers features that will not lose their aesthetic beauty for many years. <\/p>\n<p>Ayr\u0131ca, tamamen \u00e7evreci bir teknoloji olup, olu\u015fturdu\u011fu y\u00fczeyin \u00e7izilmesi ve seramik benzeri bir inorganik yap\u0131 olmas\u0131 da bakterilerin tutunma ve \u00fcretmesini de \u00f6nleyece\u011finden, hijyen a\u00e7\u0131s\u0131ndan da tamamen g\u00fcven sa\u011flar.<\/p>\n<p>[\/fusion_text][\/fusion_builder_column][fusion_builder_column type=&#8221;2_3&#8243; type=&#8221;2_3&#8243; align_self=&#8221;auto&#8221; content_layout=&#8221;column&#8221; align_content=&#8221;flex-start&#8221; valign_content=&#8221;flex-start&#8221; content_wrap=&#8221;wrap&#8221; center_content=&#8221;no&#8221; column_tag=&#8221;div&#8221; target=&#8221;_self&#8221; hide_on_mobile=&#8221;small-visibility,medium-visibility,large-visibility&#8221; sticky_display=&#8221;normal,sticky&#8221; order_medium=&#8221;0&#8243; order_small=&#8221;0&#8243; hover_type=&#8221;none&#8221; border_style=&#8221;solid&#8221; box_shadow=&#8221;no&#8221; box_shadow_blur=&#8221;0&#8243; box_shadow_spread=&#8221;0&#8243; background_type=&#8221;single&#8221; gradient_start_position=&#8221;0&#8243; gradient_end_position=&#8221;100&#8243; gradient_type=&#8221;linear&#8221; radial_direction=&#8221;center center&#8221; linear_angle=&#8221;180&#8243; lazy_load=&#8221;avada&#8221; background_position=&#8221;left top&#8221; background_repeat=&#8221;no-repeat&#8221; background_blend_mode=&#8221;none&#8221; filter_type=&#8221;regular&#8221; filter_hue=&#8221;0&#8243; filter_saturation=&#8221;100&#8243; filter_brightness=&#8221;100&#8243; filter_contrast=&#8221;100&#8243; filter_invert=&#8221;0&#8243; filter_sepia=&#8221;0&#8243; filter_opacity=&#8221;100&#8243; filter_blur=&#8221;0&#8243; filter_hue_hover=&#8221;0&#8243; filter_saturation_hover=&#8221;100&#8243; filter_brightness_hover=&#8221;100&#8243; filter_contrast_hover=&#8221;100&#8243; filter_invert_hover=&#8221;0&#8243; filter_sepia_hover=&#8221;0&#8243; filter_opacity_hover=&#8221;100&#8243; filter_blur_hover=&#8221;0&#8243; animation_direction=&#8221;left&#8221; animation_speed=&#8221;0.3&#8243; last=&#8221;no&#8221; border_position=&#8221;all&#8221; spacing_right=&#8221;0%&#8221; spacing_left=&#8221;1.8%&#8221; min_height=&#8221;&#8221; link=&#8221;&#8221;][fusion_gallery custom_aspect_ratio=&#8221;100&#8243; lightbox=&#8221;yes&#8221; caption_style=&#8221;off&#8221; caption_title_tag=&#8221;2&#8243; caption_align_medium=&#8221;none&#8221; caption_align_small=&#8221;none&#8221; caption_align=&#8221;none&#8221; hide_on_mobile=&#8221;small-visibility,medium-visibility,large-visibility&#8221; columns=&#8221;3&#8243;][fusion_gallery_image image=&#8221;http:\/\/handles.com.tr\/wp-content\/uploads\/2022\/09\/Resim1-scaled.jpg&#8221; image_id=&#8221;3391&#8243; linktarget=&#8221;_self&#8221; \/][fusion_gallery_image image=&#8221;http:\/\/handles.com.tr\/wp-content\/uploads\/2022\/09\/Resim2.jpg&#8221; image_id=&#8221;3392&#8243; linktarget=&#8221;_self&#8221; \/][fusion_gallery_image image=&#8221;http:\/\/handles.com.tr\/wp-content\/uploads\/2022\/09\/Resim3.jpg&#8221; image_id=&#8221;3393&#8243; linktarget=&#8221;_self&#8221; \/][fusion_gallery_image image=&#8221;http:\/\/handles.com.tr\/wp-content\/uploads\/2022\/09\/Resim4.jpg&#8221; image_id=&#8221;3373&#8243; linktarget=&#8221;_self&#8221; \/][fusion_gallery_image image=&#8221;http:\/\/handles.com.tr\/wp-content\/uploads\/2022\/09\/Resim5.jpg&#8221; image_id=&#8221;3374&#8243; linktarget=&#8221;_self&#8221; \/][fusion_gallery_image image=&#8221;http:\/\/handles.com.tr\/wp-content\/uploads\/2022\/09\/Resim6.jpg&#8221; image_id=&#8221;3375&#8243; linktarget=&#8221;_self&#8221; \/][fusion_gallery_image image=&#8221;http:\/\/handles.com.tr\/wp-content\/uploads\/2022\/09\/Resim7.jpg&#8221; image_id=&#8221;3376&#8243; linktarget=&#8221;_self&#8221; \/][fusion_gallery_image image=&#8221;http:\/\/handles.com.tr\/wp-content\/uploads\/2022\/09\/Resim8.jpg&#8221; image_id=&#8221;3377&#8243; linktarget=&#8221;_self&#8221; \/][fusion_gallery_image image=&#8221;http:\/\/handles.com.tr\/wp-content\/uploads\/2022\/09\/Resim9.jpg&#8221; image_id=&#8221;3378&#8243; linktarget=&#8221;_self&#8221; \/][fusion_gallery_image image=&#8221;http:\/\/handles.com.tr\/wp-content\/uploads\/2022\/09\/Resim10.jpg&#8221; image_id=&#8221;3379&#8243; linktarget=&#8221;_self&#8221; \/][fusion_gallery_image image=&#8221;http:\/\/handles.com.tr\/wp-content\/uploads\/2022\/09\/Resim11.jpg&#8221; image_id=&#8221;3380&#8243; linktarget=&#8221;_self&#8221; \/][fusion_gallery_image image=&#8221;http:\/\/handles.com.tr\/wp-content\/uploads\/2022\/09\/Resim12.jpg&#8221; image_id=&#8221;3381&#8243; linktarget=&#8221;_self&#8221; \/][fusion_gallery_image image=&#8221;http:\/\/handles.com.tr\/wp-content\/uploads\/2022\/09\/Resim13.jpg&#8221; image_id=&#8221;3382&#8243; linktarget=&#8221;_self&#8221; \/][fusion_gallery_image image=&#8221;http:\/\/handles.com.tr\/wp-content\/uploads\/2022\/09\/Resim14.jpg&#8221; image_id=&#8221;3383&#8243; linktarget=&#8221;_self&#8221; \/][fusion_gallery_image image=&#8221;http:\/\/handles.com.tr\/wp-content\/uploads\/2022\/09\/Resim15.jpg&#8221; image_id=&#8221;3384&#8243; linktarget=&#8221;_self&#8221; \/][fusion_gallery_image image=&#8221;http:\/\/handles.com.tr\/wp-content\/uploads\/2022\/09\/Resim16.jpg&#8221; image_id=&#8221;3385&#8243; linktarget=&#8221;_self&#8221; \/][fusion_gallery_image image=&#8221;http:\/\/handles.com.tr\/wp-content\/uploads\/2022\/09\/Resim17.jpg&#8221; image_id=&#8221;3386&#8243; linktarget=&#8221;_self&#8221; \/][fusion_gallery_image image=&#8221;http:\/\/handles.com.tr\/wp-content\/uploads\/2022\/09\/Resim18.jpg&#8221; image_id=&#8221;3387&#8243; linktarget=&#8221;_self&#8221; \/][fusion_gallery_image image=&#8221;http:\/\/handles.com.tr\/wp-content\/uploads\/2022\/09\/Resim19.jpg&#8221; image_id=&#8221;3388&#8243; linktarget=&#8221;_self&#8221; \/][fusion_gallery_image image=&#8221;http:\/\/handles.com.tr\/wp-content\/uploads\/2022\/09\/Resim20.jpg&#8221; image_id=&#8221;3389&#8243; linktarget=&#8221;_self&#8221; \/][fusion_gallery_image image=&#8221;http:\/\/handles.com.tr\/wp-content\/uploads\/2022\/09\/Resim21.jpg&#8221; image_id=&#8221;3390&#8243; linktarget=&#8221;_self&#8221; \/][\/fusion_gallery][\/fusion_builder_column][\/fusion_builder_row][\/fusion_builder_container]<\/p>","protected":false},"excerpt":{"rendered":"<p>[fusion_builder_container type=&#8221;flex&#8221; hundred_percent=&#8221;no&#8221; hundred_percent_height=&#8221;no&#8221; hundred_percent_height_scroll=&#8221;no&#8221; align_content=&#8221;stretch&#8221; flex_align_items=&#8221;flex-start&#8221; flex_justify_content=&#8221;flex-start&#8221; hundred_percent_height_center_content=&#8221;yes&#8221; equal_height_columns=&#8221;no&#8221; container_tag=&#8221;div&#8221; hide_on_mobile=&#8221;small-visibility,medium-visibility,large-visibility&#8221; status=&#8221;published&#8221; border_style=&#8221;solid&#8221; box_shadow=&#8221;no&#8221; box_shadow_blur=&#8221;0&#8243; box_shadow_spread=&#8221;0&#8243; gradient_start_position=&#8221;0&#8243; gradient_end_position=&#8221;100&#8243; gradient_type=&#8221;linear&#8221; radial_direction=&#8221;center center&#8221; linear_angle=&#8221;180&#8243; background_position=&#8221;center center&#8221; background_repeat=&#8221;no-repeat&#8221; fade=&#8221;no&#8221; background_parallax=&#8221;none&#8221; enable_mobile=&#8221;no&#8221; parallax_speed=&#8221;0.3&#8243; background_blend_mode=&#8221;none&#8221; video_aspect_ratio=&#8221;16:9&#8243; video_loop=&#8221;yes&#8221; video_mute=&#8221;yes&#8221; absolute=&#8221;off&#8221; absolute_devices=&#8221;small,medium,large&#8221; sticky=&#8221;off&#8221; sticky_devices=&#8221;small-visibility,medium-visibility,large-visibility&#8221; sticky_transition_offset=&#8221;0&#8243; scroll_offset=&#8221;0&#8243; animation_direction=&#8221;left&#8221; animation_speed=&#8221;0.3&#8243; filter_hue=&#8221;0&#8243; filter_saturation=&#8221;100&#8243; filter_brightness=&#8221;100&#8243; filter_contrast=&#8221;100&#8243; filter_invert=&#8221;0&#8243; filter_sepia=&#8221;0&#8243; filter_opacity=&#8221;100&#8243; filter_blur=&#8221;0&#8243; filter_hue_hover=&#8221;0&#8243; filter_saturation_hover=&#8221;100&#8243; filter_brightness_hover=&#8221;100&#8243; filter_contrast_hover=&#8221;100&#8243; filter_invert_hover=&#8221;0&#8243; [&hellip;]<\/p>","protected":false},"author":1,"featured_media":0,"parent":0,"menu_order":0,"comment_status":"closed","ping_status":"closed","template":"100-width.php","meta":{"_joinchat":[]},"yoast_head":"<!-- This site is optimized with the Yoast SEO Premium plugin v19.6 (Yoast SEO v19.12) - https:\/\/yoast.com\/wordpress\/plugins\/seo\/ -->\n<title>\u00dcRET\u0130M - Handles<\/title>\n<meta name=\"robots\" content=\"index, follow, max-snippet:-1, max-image-preview:large, max-video-preview:-1\" \/>\n<link rel=\"canonical\" href=\"http:\/\/handles.com.tr\/en\/uretim\/\" \/>\n<meta property=\"og:locale\" content=\"en_US\" \/>\n<meta property=\"og:type\" content=\"article\" \/>\n<meta property=\"og:title\" content=\"\u00dcRET\u0130M\" \/>\n<meta property=\"og:description\" content=\"[fusion_builder_container type=&#8221;flex&#8221; hundred_percent=&#8221;no&#8221; hundred_percent_height=&#8221;no&#8221; hundred_percent_height_scroll=&#8221;no&#8221; align_content=&#8221;stretch&#8221; flex_align_items=&#8221;flex-start&#8221; flex_justify_content=&#8221;flex-start&#8221; hundred_percent_height_center_content=&#8221;yes&#8221; equal_height_columns=&#8221;no&#8221; container_tag=&#8221;div&#8221; hide_on_mobile=&#8221;small-visibility,medium-visibility,large-visibility&#8221; status=&#8221;published&#8221; border_style=&#8221;solid&#8221; box_shadow=&#8221;no&#8221; box_shadow_blur=&#8221;0&#8243; box_shadow_spread=&#8221;0&#8243; gradient_start_position=&#8221;0&#8243; gradient_end_position=&#8221;100&#8243; gradient_type=&#8221;linear&#8221; radial_direction=&#8221;center center&#8221; linear_angle=&#8221;180&#8243; background_position=&#8221;center center&#8221; background_repeat=&#8221;no-repeat&#8221; fade=&#8221;no&#8221; background_parallax=&#8221;none&#8221; enable_mobile=&#8221;no&#8221; parallax_speed=&#8221;0.3&#8243; background_blend_mode=&#8221;none&#8221; video_aspect_ratio=&#8221;16:9&#8243; video_loop=&#8221;yes&#8221; video_mute=&#8221;yes&#8221; absolute=&#8221;off&#8221; absolute_devices=&#8221;small,medium,large&#8221; sticky=&#8221;off&#8221; sticky_devices=&#8221;small-visibility,medium-visibility,large-visibility&#8221; sticky_transition_offset=&#8221;0&#8243; scroll_offset=&#8221;0&#8243; animation_direction=&#8221;left&#8221; animation_speed=&#8221;0.3&#8243; filter_hue=&#8221;0&#8243; filter_saturation=&#8221;100&#8243; filter_brightness=&#8221;100&#8243; filter_contrast=&#8221;100&#8243; filter_invert=&#8221;0&#8243; filter_sepia=&#8221;0&#8243; filter_opacity=&#8221;100&#8243; filter_blur=&#8221;0&#8243; filter_hue_hover=&#8221;0&#8243; filter_saturation_hover=&#8221;100&#8243; filter_brightness_hover=&#8221;100&#8243; filter_contrast_hover=&#8221;100&#8243; filter_invert_hover=&#8221;0&#8243; [&hellip;]\" \/>\n<meta property=\"og:url\" content=\"http:\/\/handles.com.tr\/en\/uretim\/\" \/>\n<meta property=\"og:site_name\" content=\"Handles\" \/>\n<meta property=\"article:modified_time\" content=\"2022-09-05T13:46:55+00:00\" \/>\n<meta name=\"twitter:card\" content=\"summary_large_image\" \/>\n<meta name=\"twitter:label1\" content=\"Est. reading time\" \/>\n\t<meta name=\"twitter:data1\" content=\"5 minutes\" \/>\n<script type=\"application\/ld+json\" class=\"yoast-schema-graph\">{\"@context\":\"https:\/\/schema.org\",\"@graph\":[{\"@type\":\"WebPage\",\"@id\":\"http:\/\/handles.com.tr\/uretim\/\",\"url\":\"http:\/\/handles.com.tr\/uretim\/\",\"name\":\"\u00dcRET\u0130M - Handles\",\"isPartOf\":{\"@id\":\"https:\/\/handles.com.tr\/en\/#website\"},\"datePublished\":\"2020-01-06T15:35:33+00:00\",\"dateModified\":\"2022-09-05T13:46:55+00:00\",\"breadcrumb\":{\"@id\":\"http:\/\/handles.com.tr\/uretim\/#breadcrumb\"},\"inLanguage\":\"en-US\",\"potentialAction\":[{\"@type\":\"ReadAction\",\"target\":[\"http:\/\/handles.com.tr\/uretim\/\"]}]},{\"@type\":\"BreadcrumbList\",\"@id\":\"http:\/\/handles.com.tr\/uretim\/#breadcrumb\",\"itemListElement\":[{\"@type\":\"ListItem\",\"position\":1,\"name\":\"Anasayfa\",\"item\":\"https:\/\/handles.com.tr\/en\/\"},{\"@type\":\"ListItem\",\"position\":2,\"name\":\"\u00dcRET\u0130M\"}]},{\"@type\":\"WebSite\",\"@id\":\"https:\/\/handles.com.tr\/en\/#website\",\"url\":\"https:\/\/handles.com.tr\/en\/\",\"name\":\"Handles\",\"description\":\"Kap\u0131 Kollar\u0131 ve Aksesuarlar\u0131\",\"potentialAction\":[{\"@type\":\"SearchAction\",\"target\":{\"@type\":\"EntryPoint\",\"urlTemplate\":\"https:\/\/handles.com.tr\/en\/?s={search_term_string}\"},\"query-input\":\"required name=search_term_string\"}],\"inLanguage\":\"en-US\"}]}<\/script>\n<!-- \/ Yoast SEO Premium plugin. -->","yoast_head_json":{"title":"\u00dcRET\u0130M - Handles","robots":{"index":"index","follow":"follow","max-snippet":"max-snippet:-1","max-image-preview":"max-image-preview:large","max-video-preview":"max-video-preview:-1"},"canonical":"http:\/\/handles.com.tr\/en\/uretim\/","og_locale":"en_US","og_type":"article","og_title":"\u00dcRET\u0130M","og_description":"[fusion_builder_container type=&#8221;flex&#8221; hundred_percent=&#8221;no&#8221; hundred_percent_height=&#8221;no&#8221; hundred_percent_height_scroll=&#8221;no&#8221; align_content=&#8221;stretch&#8221; flex_align_items=&#8221;flex-start&#8221; flex_justify_content=&#8221;flex-start&#8221; hundred_percent_height_center_content=&#8221;yes&#8221; equal_height_columns=&#8221;no&#8221; container_tag=&#8221;div&#8221; hide_on_mobile=&#8221;small-visibility,medium-visibility,large-visibility&#8221; status=&#8221;published&#8221; border_style=&#8221;solid&#8221; box_shadow=&#8221;no&#8221; box_shadow_blur=&#8221;0&#8243; box_shadow_spread=&#8221;0&#8243; gradient_start_position=&#8221;0&#8243; gradient_end_position=&#8221;100&#8243; gradient_type=&#8221;linear&#8221; radial_direction=&#8221;center center&#8221; linear_angle=&#8221;180&#8243; background_position=&#8221;center center&#8221; background_repeat=&#8221;no-repeat&#8221; fade=&#8221;no&#8221; background_parallax=&#8221;none&#8221; enable_mobile=&#8221;no&#8221; parallax_speed=&#8221;0.3&#8243; background_blend_mode=&#8221;none&#8221; video_aspect_ratio=&#8221;16:9&#8243; video_loop=&#8221;yes&#8221; video_mute=&#8221;yes&#8221; absolute=&#8221;off&#8221; absolute_devices=&#8221;small,medium,large&#8221; sticky=&#8221;off&#8221; sticky_devices=&#8221;small-visibility,medium-visibility,large-visibility&#8221; sticky_transition_offset=&#8221;0&#8243; scroll_offset=&#8221;0&#8243; animation_direction=&#8221;left&#8221; animation_speed=&#8221;0.3&#8243; filter_hue=&#8221;0&#8243; filter_saturation=&#8221;100&#8243; filter_brightness=&#8221;100&#8243; filter_contrast=&#8221;100&#8243; filter_invert=&#8221;0&#8243; filter_sepia=&#8221;0&#8243; filter_opacity=&#8221;100&#8243; filter_blur=&#8221;0&#8243; filter_hue_hover=&#8221;0&#8243; filter_saturation_hover=&#8221;100&#8243; filter_brightness_hover=&#8221;100&#8243; filter_contrast_hover=&#8221;100&#8243; filter_invert_hover=&#8221;0&#8243; [&hellip;]","og_url":"http:\/\/handles.com.tr\/en\/uretim\/","og_site_name":"Handles","article_modified_time":"2022-09-05T13:46:55+00:00","twitter_card":"summary_large_image","twitter_misc":{"Est. reading time":"5 minutes"},"schema":{"@context":"https:\/\/schema.org","@graph":[{"@type":"WebPage","@id":"http:\/\/handles.com.tr\/uretim\/","url":"http:\/\/handles.com.tr\/uretim\/","name":"\u00dcRET\u0130M - Handles","isPartOf":{"@id":"https:\/\/handles.com.tr\/en\/#website"},"datePublished":"2020-01-06T15:35:33+00:00","dateModified":"2022-09-05T13:46:55+00:00","breadcrumb":{"@id":"http:\/\/handles.com.tr\/uretim\/#breadcrumb"},"inLanguage":"en-US","potentialAction":[{"@type":"ReadAction","target":["http:\/\/handles.com.tr\/uretim\/"]}]},{"@type":"BreadcrumbList","@id":"http:\/\/handles.com.tr\/uretim\/#breadcrumb","itemListElement":[{"@type":"ListItem","position":1,"name":"Anasayfa","item":"https:\/\/handles.com.tr\/en\/"},{"@type":"ListItem","position":2,"name":"\u00dcRET\u0130M"}]},{"@type":"WebSite","@id":"https:\/\/handles.com.tr\/en\/#website","url":"https:\/\/handles.com.tr\/en\/","name":"Handles","description":"Kap\u0131 Kollar\u0131 ve Aksesuarlar\u0131","potentialAction":[{"@type":"SearchAction","target":{"@type":"EntryPoint","urlTemplate":"https:\/\/handles.com.tr\/en\/?s={search_term_string}"},"query-input":"required name=search_term_string"}],"inLanguage":"en-US"}]}},"_links":{"self":[{"href":"http:\/\/handles.com.tr\/en\/wp-json\/wp\/v2\/pages\/3037"}],"collection":[{"href":"http:\/\/handles.com.tr\/en\/wp-json\/wp\/v2\/pages"}],"about":[{"href":"http:\/\/handles.com.tr\/en\/wp-json\/wp\/v2\/types\/page"}],"author":[{"embeddable":true,"href":"http:\/\/handles.com.tr\/en\/wp-json\/wp\/v2\/users\/1"}],"replies":[{"embeddable":true,"href":"http:\/\/handles.com.tr\/en\/wp-json\/wp\/v2\/comments?post=3037"}],"version-history":[{"count":13,"href":"http:\/\/handles.com.tr\/en\/wp-json\/wp\/v2\/pages\/3037\/revisions"}],"predecessor-version":[{"id":3525,"href":"http:\/\/handles.com.tr\/en\/wp-json\/wp\/v2\/pages\/3037\/revisions\/3525"}],"wp:attachment":[{"href":"http:\/\/handles.com.tr\/en\/wp-json\/wp\/v2\/media?parent=3037"}],"curies":[{"name":"wp","href":"https:\/\/api.w.org\/{rel}","templated":true}]}}