{"id":3036,"date":"2020-01-06T15:33:38","date_gmt":"2020-01-06T15:33:38","guid":{"rendered":"http:\/\/handles.com.tr\/?page_id=17"},"modified":"2022-12-24T08:39:11","modified_gmt":"2022-12-24T08:39:11","slug":"kurumsal","status":"publish","type":"page","link":"http:\/\/handles.com.tr\/en\/kurumsal\/","title":{"rendered":"CORPORATE"},"content":{"rendered":"<div data-elementor-type=\"wp-page\" data-elementor-id=\"3036\" class=\"elementor elementor-3036\">\n\t\t\t\t\t\t\t\t\t<section class=\"elementor-section elementor-top-section elementor-element elementor-element-571d60fe elementor-section-content-middle elementor-section-boxed elementor-section-height-default elementor-section-height-default\" data-id=\"571d60fe\" data-element_type=\"section\">\n\t\t\t\t\t\t<div class=\"elementor-container elementor-column-gap-default\">\n\t\t\t\t\t<div class=\"elementor-column elementor-col-50 elementor-top-column elementor-element elementor-element-41d9b295\" data-id=\"41d9b295\" data-element_type=\"column\">\n\t\t\t<div class=\"elementor-widget-wrap elementor-element-populated\">\n\t\t\t\t\t\t\t\t<div class=\"elementor-element elementor-element-579348ff elementor-widget elementor-widget-heading\" data-id=\"579348ff\" data-element_type=\"widget\" data-widget_type=\"heading.default\">\n\t\t\t\t<div class=\"elementor-widget-container\">\n\t\t\t<style>\/*! elementor - v3.7.7 - 20-09-2022 *\/\n.elementor-heading-title{padding:0;margin:0;line-height:1}.elementor-widget-heading .elementor-heading-title[class*=elementor-size-]>a{color:inherit;font-size:inherit;line-height:inherit}.elementor-widget-heading .elementor-heading-title.elementor-size-small{font-size:15px}.elementor-widget-heading .elementor-heading-title.elementor-size-medium{font-size:19px}.elementor-widget-heading .elementor-heading-title.elementor-size-large{font-size:29px}.elementor-widget-heading .elementor-heading-title.elementor-size-xl{font-size:39px}.elementor-widget-heading .elementor-heading-title.elementor-size-xxl{font-size:59px}<\/style><h2 class=\"elementor-heading-title elementor-size-default\">HANDLESS<\/h2>\t\t<\/div>\n\t\t\t\t<\/div>\n\t\t\t\t<div class=\"elementor-element elementor-element-2a2844f0 elementor-widget elementor-widget-heading\" data-id=\"2a2844f0\" data-element_type=\"widget\" data-widget_type=\"heading.default\">\n\t\t\t\t<div class=\"elementor-widget-container\">\n\t\t\t<h2 class=\"elementor-heading-title elementor-size-default\">KURULU\u015e - 1986<\/h2>\t\t<\/div>\n\t\t\t\t<\/div>\n\t\t\t\t<div class=\"elementor-element elementor-element-3d8d1857 elementor-widget-divider--view-line elementor-widget elementor-widget-divider\" data-id=\"3d8d1857\" data-element_type=\"widget\" data-widget_type=\"divider.default\">\n\t\t\t\t<div class=\"elementor-widget-container\">\n\t\t\t<style>\/*! elementor - v3.7.7 - 20-09-2022 *\/\n.elementor-widget-divider{--divider-border-style:none;--divider-border-width:1px;--divider-color:#2c2c2c;--divider-icon-size:20px;--divider-element-spacing:10px;--divider-pattern-height:24px;--divider-pattern-size:20px;--divider-pattern-url:none;--divider-pattern-repeat:repeat-x}.elementor-widget-divider .elementor-divider{display:-webkit-box;display:-ms-flexbox;display:flex}.elementor-widget-divider .elementor-divider__text{font-size:15px;line-height:1;max-width:95%}.elementor-widget-divider .elementor-divider__element{margin:0 var(--divider-element-spacing);-ms-flex-negative:0;flex-shrink:0}.elementor-widget-divider .elementor-icon{font-size:var(--divider-icon-size)}.elementor-widget-divider .elementor-divider-separator{display:-webkit-box;display:-ms-flexbox;display:flex;margin:0;direction:ltr}.elementor-widget-divider--view-line_icon .elementor-divider-separator,.elementor-widget-divider--view-line_text .elementor-divider-separator{-webkit-box-align:center;-ms-flex-align:center;align-items:center}.elementor-widget-divider--view-line_icon .elementor-divider-separator:after,.elementor-widget-divider--view-line_icon .elementor-divider-separator:before,.elementor-widget-divider--view-line_text .elementor-divider-separator:after,.elementor-widget-divider--view-line_text .elementor-divider-separator:before{display:block;content:\"\";border-bottom:0;-webkit-box-flex:1;-ms-flex-positive:1;flex-grow:1;border-top:var(--divider-border-width) var(--divider-border-style) var(--divider-color)}.elementor-widget-divider--element-align-left .elementor-divider .elementor-divider-separator>.elementor-divider__svg:first-of-type{-webkit-box-flex:0;-ms-flex-positive:0;flex-grow:0;-ms-flex-negative:100;flex-shrink:100}.elementor-widget-divider--element-align-left .elementor-divider-separator:before{content:none}.elementor-widget-divider--element-align-left .elementor-divider__element{margin-left:0}.elementor-widget-divider--element-align-right .elementor-divider .elementor-divider-separator>.elementor-divider__svg:last-of-type{-webkit-box-flex:0;-ms-flex-positive:0;flex-grow:0;-ms-flex-negative:100;flex-shrink:100}.elementor-widget-divider--element-align-right .elementor-divider-separator:after{content:none}.elementor-widget-divider--element-align-right .elementor-divider__element{margin-right:0}.elementor-widget-divider:not(.elementor-widget-divider--view-line_text):not(.elementor-widget-divider--view-line_icon) .elementor-divider-separator{border-top:var(--divider-border-width) var(--divider-border-style) var(--divider-color)}.elementor-widget-divider--separator-type-pattern{--divider-border-style:none}.elementor-widget-divider--separator-type-pattern.elementor-widget-divider--view-line .elementor-divider-separator,.elementor-widget-divider--separator-type-pattern:not(.elementor-widget-divider--view-line) .elementor-divider-separator:after,.elementor-widget-divider--separator-type-pattern:not(.elementor-widget-divider--view-line) .elementor-divider-separator:before,.elementor-widget-divider--separator-type-pattern:not([class*=elementor-widget-divider--view]) .elementor-divider-separator{width:100%;min-height:var(--divider-pattern-height);-webkit-mask-size:var(--divider-pattern-size) 100%;mask-size:var(--divider-pattern-size) 100%;-webkit-mask-repeat:var(--divider-pattern-repeat);mask-repeat:var(--divider-pattern-repeat);background-color:var(--divider-color);-webkit-mask-image:var(--divider-pattern-url);mask-image:var(--divider-pattern-url)}.elementor-widget-divider--no-spacing{--divider-pattern-size:auto}.elementor-widget-divider--bg-round{--divider-pattern-repeat:round}.rtl .elementor-widget-divider .elementor-divider__text{direction:rtl}.e-container>.elementor-widget-divider{width:var(--container-widget-width,100%);--flex-grow:var(--container-widget-flex-grow,0)}<\/style>\t\t<div class=\"elementor-divider\">\n\t\t\t<span class=\"elementor-divider-separator\">\n\t\t\t\t\t\t<\/span>\n\t\t<\/div>\n\t\t\t\t<\/div>\n\t\t\t\t<\/div>\n\t\t\t\t<div class=\"elementor-element elementor-element-3e8ae4c elementor-widget elementor-widget-text-editor\" data-id=\"3e8ae4c\" data-element_type=\"widget\" data-widget_type=\"text-editor.default\">\n\t\t\t\t<div class=\"elementor-widget-container\">\n\t\t\t<style>\/*! elementor - v3.7.7 - 20-09-2022 *\/\n.elementor-widget-text-editor.elementor-drop-cap-view-stacked .elementor-drop-cap{background-color:#818a91;color:#fff}.elementor-widget-text-editor.elementor-drop-cap-view-framed .elementor-drop-cap{color:#818a91;border:3px solid;background-color:transparent}.elementor-widget-text-editor:not(.elementor-drop-cap-view-default) .elementor-drop-cap{margin-top:8px}.elementor-widget-text-editor:not(.elementor-drop-cap-view-default) .elementor-drop-cap-letter{width:1em;height:1em}.elementor-widget-text-editor .elementor-drop-cap{float:left;text-align:center;line-height:1;font-size:50px}.elementor-widget-text-editor .elementor-drop-cap-letter{display:inline-block}<\/style>\t\t\t\t<p>HA-KAN Metal 1986&#8217;da kurulmu\u015ftur ve ba\u015far\u0131l\u0131 ge\u00e7en y\u0131llarla beraber Avrupa\u2019n\u0131n e\u015fsiz tasar\u0131ml\u0131 mimari pirin\u00e7 h\u0131rdavat ve aksesuar \u00fcreticisi olmu\u015ftur.<\/p>\n<p>HA-KAN Metal distributes its products worldwide under its own brand \"HANDLES\" and supports its product range with 4 new designs every year, focusing on high quality production with the influence of customer purchasing preferences and foreign market influence.<\/p>\n<p>Depending on the strategy focused on differentiation, HA-KAN Metal supports its product range with high quality raw materials and workmanship. So what; With our integrated production approach and practices, we can offer the highest quality products under the most competitive conditions in most cases.<\/p>\n<p>All of our products are exclusively hot stamped and unique surface coated in harmony with the design. While all of our door handles are guaranteed to work 450,000 times, we are proud to give our products a surface coating guarantee of up to 20 years with our own proprietary PVD-Coating technology, which is considered the most environmentally friendly.<\/p>\t\t\t\t\t\t<\/div>\n\t\t\t\t<\/div>\n\t\t\t\t\t<\/div>\n\t\t<\/div>\n\t\t\t\t<div class=\"elementor-column elementor-col-50 elementor-top-column elementor-element elementor-element-15fbfe73\" data-id=\"15fbfe73\" data-element_type=\"column\">\n\t\t\t<div class=\"elementor-widget-wrap elementor-element-populated\">\n\t\t\t\t\t\t\t\t<div class=\"elementor-element elementor-element-51407580 elementor-widget elementor-widget-image\" data-id=\"51407580\" data-element_type=\"widget\" data-widget_type=\"image.default\">\n\t\t\t\t<div class=\"elementor-widget-container\">\n\t\t\t<style>\/*! elementor - v3.7.7 - 20-09-2022 *\/\n.elementor-widget-image{text-align:center}.elementor-widget-image a{display:inline-block}.elementor-widget-image a img[src$=\".svg\"]{width:48px}.elementor-widget-image img{vertical-align:middle;display:inline-block}<\/style>\t\t\t\t\t\t\t\t\t\t\t\t<img width=\"859\" height=\"552\" src=\"http:\/\/handles.com.tr\/wp-content\/uploads\/2022\/09\/handless-ofis.jpg\" class=\"attachment-full size-full\" alt=\"\" loading=\"lazy\" srcset=\"http:\/\/handles.com.tr\/wp-content\/uploads\/2022\/09\/handless-ofis.jpg 859w, http:\/\/handles.com.tr\/wp-content\/uploads\/2022\/09\/handless-ofis-300x193.jpg 300w, http:\/\/handles.com.tr\/wp-content\/uploads\/2022\/09\/handless-ofis-768x494.jpg 768w, http:\/\/handles.com.tr\/wp-content\/uploads\/2022\/09\/handless-ofis-200x129.jpg 200w, http:\/\/handles.com.tr\/wp-content\/uploads\/2022\/09\/handless-ofis-400x257.jpg 400w, http:\/\/handles.com.tr\/wp-content\/uploads\/2022\/09\/handless-ofis-600x386.jpg 600w, http:\/\/handles.com.tr\/wp-content\/uploads\/2022\/09\/handless-ofis-800x514.jpg 800w, http:\/\/handles.com.tr\/wp-content\/uploads\/2022\/09\/handless-ofis-460x295.jpg 460w, http:\/\/handles.com.tr\/wp-content\/uploads\/2022\/09\/handless-ofis-500x321.jpg 500w, http:\/\/handles.com.tr\/wp-content\/uploads\/2022\/09\/handless-ofis-700x450.jpg 700w\" sizes=\"(max-width: 859px) 100vw, 859px\" \/>\t\t\t\t\t\t\t\t\t\t\t\t\t\t\t<\/div>\n\t\t\t\t<\/div>\n\t\t\t\t<div class=\"elementor-element elementor-element-4eb05a6 elementor-widget elementor-widget-image\" data-id=\"4eb05a6\" data-element_type=\"widget\" data-widget_type=\"image.default\">\n\t\t\t\t<div class=\"elementor-widget-container\">\n\t\t\t\t\t\t\t\t\t\t\t\t\t\t\t\t<a href=\"http:\/\/handles.com.tr\/wp-content\/uploads\/2022\/09\/BELGELER1.png\" data-elementor-open-lightbox=\"yes\" data-elementor-lightbox-title=\"BELGELER1\" e-action-hash=\"#elementor-action%3Aaction%3Dlightbox%26settings%3DeyJpZCI6Mzc5MywidXJsIjoiaHR0cDpcL1wvaGFuZGxlcy5jb20udHJcL3dwLWNvbnRlbnRcL3VwbG9hZHNcLzIwMjJcLzA5XC9CRUxHRUxFUjEucG5nIn0%3D\">\n\t\t\t\t\t\t\t<img width=\"4000\" height=\"2500\" src=\"http:\/\/handles.com.tr\/wp-content\/uploads\/2022\/09\/BELGELER1.png\" class=\"attachment-full size-full\" alt=\"\" loading=\"lazy\" srcset=\"http:\/\/handles.com.tr\/wp-content\/uploads\/2022\/09\/BELGELER1.png 4000w, http:\/\/handles.com.tr\/wp-content\/uploads\/2022\/09\/BELGELER1-500x313.png 500w, http:\/\/handles.com.tr\/wp-content\/uploads\/2022\/09\/BELGELER1-700x438.png 700w, http:\/\/handles.com.tr\/wp-content\/uploads\/2022\/09\/BELGELER1-300x188.png 300w, http:\/\/handles.com.tr\/wp-content\/uploads\/2022\/09\/BELGELER1-1024x640.png 1024w, http:\/\/handles.com.tr\/wp-content\/uploads\/2022\/09\/BELGELER1-768x480.png 768w, http:\/\/handles.com.tr\/wp-content\/uploads\/2022\/09\/BELGELER1-1536x960.png 1536w, http:\/\/handles.com.tr\/wp-content\/uploads\/2022\/09\/BELGELER1-2048x1280.png 2048w, http:\/\/handles.com.tr\/wp-content\/uploads\/2022\/09\/BELGELER1-200x125.png 200w, http:\/\/handles.com.tr\/wp-content\/uploads\/2022\/09\/BELGELER1-400x250.png 400w, http:\/\/handles.com.tr\/wp-content\/uploads\/2022\/09\/BELGELER1-600x375.png 600w, http:\/\/handles.com.tr\/wp-content\/uploads\/2022\/09\/BELGELER1-800x500.png 800w, http:\/\/handles.com.tr\/wp-content\/uploads\/2022\/09\/BELGELER1-1200x750.png 1200w\" sizes=\"(max-width: 4000px) 100vw, 4000px\" \/>\t\t\t\t\t\t\t\t<\/a>\n\t\t\t\t\t\t\t\t\t\t\t\t\t\t\t<\/div>\n\t\t\t\t<\/div>\n\t\t\t\t\t<\/div>\n\t\t<\/div>\n\t\t\t\t\t\t\t<\/div>\n\t\t<\/section>\n\t\t\t\t\t\t\t<\/div>","protected":false},"excerpt":{"rendered":"<p>HANDLESS KURULU\u015e &#8211; 1986 HA-KAN Metal 1986&#8217;da kurulmu\u015ftur ve ba\u015far\u0131l\u0131 ge\u00e7en y\u0131llarla beraber Avrupa\u2019n\u0131n e\u015fsiz tasar\u0131ml\u0131 mimari pirin\u00e7 h\u0131rdavat ve aksesuar \u00fcreticisi olmu\u015ftur. HA-KAN Metal \u00fcr\u00fcnlerinin da\u011f\u0131t\u0131m\u0131n\u0131 kendi markas\u0131 olan \u201cHANDLES\u201d alt\u0131nda d\u00fcnya \u00e7ap\u0131nda ger\u00e7ekle\u015ftirmektedir ve m\u00fc\u015fteri sat\u0131n alma tercihleri ve d\u0131\u015f Pazar etkisiyle y\u00fcksek kalitede \u00fcretme odakl\u0131 olarak da her y\u0131l 4 tane yeni [&hellip;]<\/p>","protected":false},"author":1,"featured_media":0,"parent":0,"menu_order":0,"comment_status":"closed","ping_status":"closed","template":"100-width.php","meta":{"_joinchat":[]},"yoast_head":"<!-- This site is optimized with the Yoast SEO Premium plugin v19.6 (Yoast SEO v19.12) - https:\/\/yoast.com\/wordpress\/plugins\/seo\/ -->\n<title>KURUMSAL - Handles<\/title>\n<meta name=\"robots\" content=\"index, follow, max-snippet:-1, max-image-preview:large, max-video-preview:-1\" \/>\n<link rel=\"canonical\" href=\"http:\/\/handles.com.tr\/en\/kurumsal\/\" \/>\n<meta property=\"og:locale\" content=\"en_US\" \/>\n<meta property=\"og:type\" content=\"article\" \/>\n<meta property=\"og:title\" content=\"KURUMSAL\" \/>\n<meta property=\"og:description\" content=\"HANDLESS KURULU\u015e &#8211; 1986 HA-KAN Metal 1986&#8217;da kurulmu\u015ftur ve ba\u015far\u0131l\u0131 ge\u00e7en y\u0131llarla beraber Avrupa\u2019n\u0131n e\u015fsiz tasar\u0131ml\u0131 mimari pirin\u00e7 h\u0131rdavat ve aksesuar \u00fcreticisi olmu\u015ftur. HA-KAN Metal \u00fcr\u00fcnlerinin da\u011f\u0131t\u0131m\u0131n\u0131 kendi markas\u0131 olan \u201cHANDLES\u201d alt\u0131nda d\u00fcnya \u00e7ap\u0131nda ger\u00e7ekle\u015ftirmektedir ve m\u00fc\u015fteri sat\u0131n alma tercihleri ve d\u0131\u015f Pazar etkisiyle y\u00fcksek kalitede \u00fcretme odakl\u0131 olarak da her y\u0131l 4 tane yeni [&hellip;]\" \/>\n<meta property=\"og:url\" content=\"http:\/\/handles.com.tr\/en\/kurumsal\/\" \/>\n<meta property=\"og:site_name\" content=\"Handles\" \/>\n<meta property=\"article:modified_time\" content=\"2022-12-24T08:39:11+00:00\" \/>\n<meta property=\"og:image\" content=\"http:\/\/handles.com.tr\/wp-content\/uploads\/2022\/09\/handless-ofis.jpg\" \/>\n<meta name=\"twitter:card\" content=\"summary_large_image\" \/>\n<meta name=\"twitter:label1\" content=\"Est. reading time\" \/>\n\t<meta name=\"twitter:data1\" content=\"2 minutes\" \/>\n<script type=\"application\/ld+json\" class=\"yoast-schema-graph\">{\"@context\":\"https:\/\/schema.org\",\"@graph\":[{\"@type\":\"WebPage\",\"@id\":\"http:\/\/handles.com.tr\/en\/kurumsal\/\",\"url\":\"http:\/\/handles.com.tr\/en\/kurumsal\/\",\"name\":\"KURUMSAL - Handles\",\"isPartOf\":{\"@id\":\"http:\/\/handles.com.tr\/en\/#website\"},\"datePublished\":\"2020-01-06T15:33:38+00:00\",\"dateModified\":\"2022-12-24T08:39:11+00:00\",\"breadcrumb\":{\"@id\":\"http:\/\/handles.com.tr\/en\/kurumsal\/#breadcrumb\"},\"inLanguage\":\"en-US\",\"potentialAction\":[{\"@type\":\"ReadAction\",\"target\":[\"http:\/\/handles.com.tr\/en\/kurumsal\/\"]}]},{\"@type\":\"BreadcrumbList\",\"@id\":\"http:\/\/handles.com.tr\/en\/kurumsal\/#breadcrumb\",\"itemListElement\":[{\"@type\":\"ListItem\",\"position\":1,\"name\":\"Anasayfa\",\"item\":\"http:\/\/handles.com.tr\/en\/\"},{\"@type\":\"ListItem\",\"position\":2,\"name\":\"KURUMSAL\"}]},{\"@type\":\"WebSite\",\"@id\":\"http:\/\/handles.com.tr\/en\/#website\",\"url\":\"http:\/\/handles.com.tr\/en\/\",\"name\":\"Handles\",\"description\":\"Kap\u0131 Kollar\u0131 ve Aksesuarlar\u0131\",\"potentialAction\":[{\"@type\":\"SearchAction\",\"target\":{\"@type\":\"EntryPoint\",\"urlTemplate\":\"http:\/\/handles.com.tr\/en\/?s={search_term_string}\"},\"query-input\":\"required name=search_term_string\"}],\"inLanguage\":\"en-US\"}]}<\/script>\n<!-- \/ Yoast SEO Premium plugin. -->","yoast_head_json":{"title":"KURUMSAL - Handles","robots":{"index":"index","follow":"follow","max-snippet":"max-snippet:-1","max-image-preview":"max-image-preview:large","max-video-preview":"max-video-preview:-1"},"canonical":"http:\/\/handles.com.tr\/en\/kurumsal\/","og_locale":"en_US","og_type":"article","og_title":"KURUMSAL","og_description":"HANDLESS KURULU\u015e &#8211; 1986 HA-KAN Metal 1986&#8217;da kurulmu\u015ftur ve ba\u015far\u0131l\u0131 ge\u00e7en y\u0131llarla beraber Avrupa\u2019n\u0131n e\u015fsiz tasar\u0131ml\u0131 mimari pirin\u00e7 h\u0131rdavat ve aksesuar \u00fcreticisi olmu\u015ftur. HA-KAN Metal \u00fcr\u00fcnlerinin da\u011f\u0131t\u0131m\u0131n\u0131 kendi markas\u0131 olan \u201cHANDLES\u201d alt\u0131nda d\u00fcnya \u00e7ap\u0131nda ger\u00e7ekle\u015ftirmektedir ve m\u00fc\u015fteri sat\u0131n alma tercihleri ve d\u0131\u015f Pazar etkisiyle y\u00fcksek kalitede \u00fcretme odakl\u0131 olarak da her y\u0131l 4 tane yeni [&hellip;]","og_url":"http:\/\/handles.com.tr\/en\/kurumsal\/","og_site_name":"Handles","article_modified_time":"2022-12-24T08:39:11+00:00","og_image":[{"url":"http:\/\/handles.com.tr\/wp-content\/uploads\/2022\/09\/handless-ofis.jpg"}],"twitter_card":"summary_large_image","twitter_misc":{"Est. reading time":"2 minutes"},"schema":{"@context":"https:\/\/schema.org","@graph":[{"@type":"WebPage","@id":"http:\/\/handles.com.tr\/en\/kurumsal\/","url":"http:\/\/handles.com.tr\/en\/kurumsal\/","name":"KURUMSAL - Handles","isPartOf":{"@id":"http:\/\/handles.com.tr\/en\/#website"},"datePublished":"2020-01-06T15:33:38+00:00","dateModified":"2022-12-24T08:39:11+00:00","breadcrumb":{"@id":"http:\/\/handles.com.tr\/en\/kurumsal\/#breadcrumb"},"inLanguage":"en-US","potentialAction":[{"@type":"ReadAction","target":["http:\/\/handles.com.tr\/en\/kurumsal\/"]}]},{"@type":"BreadcrumbList","@id":"http:\/\/handles.com.tr\/en\/kurumsal\/#breadcrumb","itemListElement":[{"@type":"ListItem","position":1,"name":"Anasayfa","item":"http:\/\/handles.com.tr\/en\/"},{"@type":"ListItem","position":2,"name":"KURUMSAL"}]},{"@type":"WebSite","@id":"http:\/\/handles.com.tr\/en\/#website","url":"http:\/\/handles.com.tr\/en\/","name":"Handles","description":"Kap\u0131 Kollar\u0131 ve Aksesuarlar\u0131","potentialAction":[{"@type":"SearchAction","target":{"@type":"EntryPoint","urlTemplate":"http:\/\/handles.com.tr\/en\/?s={search_term_string}"},"query-input":"required name=search_term_string"}],"inLanguage":"en-US"}]}},"_links":{"self":[{"href":"http:\/\/handles.com.tr\/en\/wp-json\/wp\/v2\/pages\/3036"}],"collection":[{"href":"http:\/\/handles.com.tr\/en\/wp-json\/wp\/v2\/pages"}],"about":[{"href":"http:\/\/handles.com.tr\/en\/wp-json\/wp\/v2\/types\/page"}],"author":[{"embeddable":true,"href":"http:\/\/handles.com.tr\/en\/wp-json\/wp\/v2\/users\/1"}],"replies":[{"embeddable":true,"href":"http:\/\/handles.com.tr\/en\/wp-json\/wp\/v2\/comments?post=3036"}],"version-history":[{"count":44,"href":"http:\/\/handles.com.tr\/en\/wp-json\/wp\/v2\/pages\/3036\/revisions"}],"predecessor-version":[{"id":4558,"href":"http:\/\/handles.com.tr\/en\/wp-json\/wp\/v2\/pages\/3036\/revisions\/4558"}],"wp:attachment":[{"href":"http:\/\/handles.com.tr\/en\/wp-json\/wp\/v2\/media?parent=3036"}],"curies":[{"name":"wp","href":"https:\/\/api.w.org\/{rel}","templated":true}]}}